{"id":6221,"date":"2017-11-21T13:55:01","date_gmt":"2017-11-21T12:55:01","guid":{"rendered":"http:\/\/logystem.ch\/notre-entreprise\/"},"modified":"2024-04-20T09:32:46","modified_gmt":"2024-04-20T07:32:46","slug":"notre-entreprise","status":"publish","type":"page","link":"https:\/\/logystem.sindev.ch\/de\/notre-entreprise\/","title":{"rendered":"Unsere Firma"},"content":{"rendered":"<div class=\"wpb-content-wrapper\"><p>[vc_row parallax_background_image=&#8220;4580&#8243; parallax_bg_speed=&#8220;1.5&#8243; css=&#8220;.vc_custom_1704702871775{padding-top: 140px !important;padding-bottom: 150px !important;}&#8220;][vc_column offset=&#8220;vc_col-lg-offset-0 vc_col-lg-5 vc_col-md-offset-0 vc_col-md-6 vc_col-sm-offset-0 vc_col-xs-12&#8243;]<div class=\"mkd-elements-holder   mkd-one-column  mkd-responsive-mode-768 \" ><div class=\"mkd-eh-item    \"  data-item-class=\"mkd-eh-custom-1895\" data-1280-1600=\"53px 19% 89px 11%\" data-1024-1280=\"0px 4% 31px 16%\" data-768-1024=\"38px 0% 56px 24.5%\" data-680-768=\"1px 37% 0px 10%\" data-680=\"0px 1% 0px 4.5%\">\n\n\t<div class=\"mkd-eh-item-inner\">\n\n\t\t<div class=\"mkd-eh-item-content mkd-eh-custom-1895\" style=\"padding: 54px 10% 88px 39%\">\n\t\t\t<div class=\"mkd-section-title-holder  mkd-st-standard mkd-st-title-left mkd-st-normal-space mkd-st-disable-title-break\" >\n\t<div class=\"mkd-st-inner\">\n\t\t\t\t\t<h1 class=\"mkd-st-title\" style=\"color: #ffffff\">\n\t\t\t\tLogystem SA\t\t\t<\/h1>\n\t\t\t\t\t\t\t<p class=\"mkd-st-text\" style=\"color: #ffffff;font-size: 21px;line-height: 36px;margin-top: 24px\">\n\t\t\t\tIhr Partner f\u00fcr die Qualit\u00e4tskontrolle\t\t\t<\/p>\n\t\t\t<\/div>\n<\/div>\t\t<\/div>\n\n\t<\/div>\n\n    <\/div><\/div>[\/vc_column][\/vc_row][vc_row row_content_width=&#8220;grid&#8220;][vc_column offset=&#8220;vc_col-lg-offset-0 vc_col-lg-6 vc_col-md-offset-0 vc_col-md-12 vc_col-sm-offset-0&#8243;]<div class=\"mkd-elements-holder   mkd-one-column  mkd-responsive-mode-768 \" ><div class=\"mkd-eh-item    \"  data-item-class=\"mkd-eh-custom-7837\" data-768-1024=\"132px 0 0 0\" data-680-768=\"132px 19% 0 0\" data-680=\"114px 0 0 0\">\n\n\t<div class=\"mkd-eh-item-inner\">\n\n\t\t<div class=\"mkd-eh-item-content mkd-eh-custom-7837\" style=\"padding: 139px 0 0 0\">\n\t\t\t<div class=\"mkd-section-title-holder  mkd-st-standard mkd-st-title-left mkd-st-normal-space mkd-st-disable-title-break\" style=\"text-align: left\">\n\t<div class=\"mkd-st-inner\">\n\t\t\t\t\t<h3 class=\"mkd-st-title\" style=\"color: #1b1b1b\">\n\t\t\t\tLangj\u00e4hrige Erfahrung\t\t\t<\/h3>\n\t\t\t\t\t\t\t<p class=\"mkd-st-text\" style=\"line-height: 30px;margin-top: 30px\">\n\t\t\t\tWillkommen bei Logystem SA Seit 1995 zeichnet sich Logystem in der Metrologie und der Qualit\u00e4tskontrolle aus. Logystem SA wurde 1990 gegr\u00fcndet und ist ein anerkannter Marktf\u00fchrer im Bereich der Metrologie. Wir bieten umfassende L\u00f6sungen f\u00fcr die Qualit\u00e4tskontrollbed\u00fcrfnisse unserer Kunden. Wir sind auf Software f\u00fcr die Qualit\u00e4tskontrolle und Pr\u00e4zisionsmessger\u00e4te spezialisiert und engagieren uns f\u00fcr innovative und zuverl\u00e4ssige L\u00f6sungen.\t\t\t<\/p>\n\t\t\t<\/div>\n<\/div>\t\t<\/div>\n\n\t<\/div>\n\n    <\/div><\/div>[\/vc_column][vc_column offset=&#8220;vc_col-lg-offset-0 vc_col-lg-6 vc_col-md-offset-0 vc_col-md-12 vc_col-sm-offset-0&#8243;]<div class=\"mkd-elements-holder   mkd-one-column  mkd-responsive-mode-768 \" ><div class=\"mkd-eh-item    \"  data-item-class=\"mkd-eh-custom-1859\" data-768-1024=\"70px 0 150px 0\" data-680-768=\"70px 0 150px 0\" data-680=\"70px 0 130px 0\">\n\n\t<div class=\"mkd-eh-item-inner\">\n\n\t\t<div class=\"mkd-eh-item-content mkd-eh-custom-1859\" style=\"padding: 150px 0 150px 0\">\n\t\t\t<div class=\"mkd-tabs  mkd-tabs-standard\">\n\t<ul class=\"mkd-tabs-nav clearfix\">\n\t\t\t\t\t<li>\n\t\t\t\t\t\t\t\t\t<a href=\"#tab-software\">Software<\/a>\n\t\t\t\t\t\t\t<\/li>\n\t\t\t\t\t<li>\n\t\t\t\t\t\t\t\t\t<a href=\"#tab-messinstrument\">Messinstrument<\/a>\n\t\t\t\t\t\t\t<\/li>\n\t\t\t\t\t<li>\n\t\t\t\t\t\t\t\t\t<a href=\"#tab-labor\">Labor<\/a>\n\t\t\t\t\t\t\t<\/li>\n\t\t\t<\/ul>\n\t<div class=\"mkd-tab-container\" id=\"tab-software-588\">[vc_column_text]Intelligente L\u00f6sungen zur Optimierung Ihrer Qualit\u00e4tskontrollprozesse, die Konformit\u00e4t und Effizienz gew\u00e4hrleisten.[\/vc_column_text]<\/div><div class=\"mkd-tab-container\" id=\"tab-messinstrument-543\">[vc_column_text]Hochmoderne Messger\u00e4te f\u00fcr zuverl\u00e4ssige und genaue Messungen, die den h\u00f6chsten Industriestandards entsprechen.[\/vc_column_text]<\/div><div class=\"mkd-tab-container\" id=\"tab-labor-423\">[vc_column_text]Unser SCS 0132 akkreditiertes Labor sorgt f\u00fcr die Genauigkeit Ihrer Messinstrumente und garantiert damit die Zuverl\u00e4ssigkeit Ihrer Ergebnisse.[\/vc_column_text]<\/div><\/div>\t\t<\/div>\n\n\t<\/div>\n\n    <\/div><\/div>[\/vc_column][\/vc_row][vc_row equal_height=&#8220;yes&#8220; content_text_aligment=&#8220;left&#8220; simple_background_color=&#8220;#24272a&#8220;][vc_column offset=&#8220;vc_col-lg-offset-0 vc_col-lg-4 vc_col-md-offset-0 vc_col-sm-offset-0&#8243;]<div class=\"mkd-elements-holder   mkd-one-column  mkd-responsive-mode-768 \" ><div class=\"mkd-eh-item    \" style=\"background-color: #24272a\" data-item-class=\"mkd-eh-custom-2589\" data-1280-1600=\"387px 15% 405px 14%\" data-1024-1280=\"387px 6% 405px 20.5%\" data-768-1024=\"102px 58% 122px 12.5%\" data-680-768=\"102px 47% 122px 11%\" data-680=\"106px 5% 123px\">\n\n\t<div class=\"mkd-eh-item-inner\">\n\n\t\t<div class=\"mkd-eh-item-content mkd-eh-custom-2589\" style=\"padding: 386px 3% 409px 49.3%\">\n\t\t\t<div class=\"mkd-section-title-holder  mkd-st-standard mkd-st-title-left mkd-st-normal-space \" style=\"text-align: left\">\n\t<div class=\"mkd-st-inner\">\n\t\t\t\t\t<h1 class=\"mkd-st-title\" style=\"color: #ffffff\">\n\t\t\t\tDienste\t\t\t<\/h1>\n\t\t\t\t\t\t\t<p class=\"mkd-st-text\" style=\"line-height: 30px;margin-top: 29px\">\n\t\t\t\tUnsere Kompetenzen zu Ihren Diensten\t\t\t<\/p>\n\t\t\t<\/div>\n<\/div>\t\t<\/div>\n\n\t<\/div>\n\n    <\/div><\/div>[\/vc_column][vc_column offset=&#8220;vc_col-lg-offset-0 vc_col-lg-8 vc_col-md-offset-0 vc_col-sm-offset-0 vc_col-xs-12&#8243; css=&#8220;.vc_custom_1511340999306{padding-right: 0px !important;padding-left: 0px !important;}&#8220;]<div class=\"mkd-elements-holder   mkd-two-columns  mkd-responsive-mode-768 \" ><div class=\"mkd-eh-item    \" style=\"background-color: #2e3338;background-image: url(https:\/\/logystem.sindev.ch\/wp-content\/uploads\/2024\/04\/Formation.png)\" data-item-class=\"mkd-eh-custom-4977\" data-1280-1600=\"111px 15% 131px 18.5%\" data-1024-1280=\"111px 11% 131px 14%\" data-768-1024=\"111px 21% 131px 27%\" data-680-768=\"0px 42% 131px 12.2%\" data-680=\"0px 6% 131px 9.5%\">\n\n\t<div class=\"mkd-eh-item-inner\">\n\n\t\t<div class=\"mkd-eh-item-content mkd-eh-custom-4977\" style=\"padding: 111px 23% 131px 26%\">\n\t\t\t<div class=\"mkd-section-title-holder  mkd-st-standard mkd-st-title-left mkd-st-normal-space \" style=\"text-align: left\">\n\t<div class=\"mkd-st-inner\">\n\t\t\t\t\t<h3 class=\"mkd-st-title\" style=\"color: #ffffff\">\n\t\t\t\tAusbildung\t\t\t<\/h3>\n\t\t\t\t\t\t\t<p class=\"mkd-st-text\" style=\"line-height: 30px;margin-top: 20px\">\n\t\t\t\tVerbessern Sie Ihr Wissen \u00fcber Software und Ihre Messtechnik\t\t\t<\/p>\n\t\t\t<\/div>\n<\/div>[vc_empty_space height=&#8220;40&#8243;]<a itemprop=\"url\" href=\"\/de\/category\/formations\/\" target=\"_self\"  class=\"mkd-btn mkd-btn-medium mkd-btn-solid mkd-btn-custom-hover-bg mkd-btn-custom-border-hover mkd-btn-icon\" >\n    <span class=\"mkd-btn-text\"  data-hover-bg-color=\"#ff4242\" data-hover-border-color=\"#ff4242\">Mehr erfahren...<\/span>\n    <span class=\"mkd-btn-icon\" ><i class=\"mkd-icon-font-awesome fa fa-long-arrow-right \" ><\/i><\/span>\n<\/a>\t\t<\/div>\n\n\t<\/div>\n\n    <\/div><div class=\"mkd-eh-item    \" style=\"background-image: url(https:\/\/logystem.sindev.ch\/wp-content\/uploads\/2024\/04\/Tech-mesure.png)\" data-item-class=\"mkd-eh-custom-8082\" data-1280-1600=\"111px 15% 131px 18.5%\" data-1024-1280=\"111px 11% 131px 14%\" data-768-1024=\"111px 22% 131px 24%\" data-680-768=\"111px 42% 131px 12.2%\" data-680=\"111px 6% 131px 9.5%\">\n\n\t<div class=\"mkd-eh-item-inner\">\n\n\t\t<div class=\"mkd-eh-item-content mkd-eh-custom-8082\" style=\"padding: 111px 23% 131px 26%\">\n\t\t\t<div class=\"mkd-section-title-holder  mkd-st-standard mkd-st-title-left mkd-st-normal-space \" style=\"text-align: left\">\n\t<div class=\"mkd-st-inner\">\n\t\t\t\t\t<h3 class=\"mkd-st-title\" style=\"color: #ffffff\">\n\t\t\t\tMesstechnik\t\t\t<\/h3>\n\t\t\t\t\t\t\t<p class=\"mkd-st-text\" style=\"line-height: 30px;margin-top: 20px\">\n\t\t\t\tSie haben nicht das richtige Messinstrument? Nutzen Sie unsere Erfahrung, um Ihnen zu helfen!\t\t\t<\/p>\n\t\t\t<\/div>\n<\/div>[vc_empty_space height=&#8220;40&#8243;]<a itemprop=\"url\" href=\"\/de\/technique-de-mesure\" target=\"_self\"  class=\"mkd-btn mkd-btn-medium mkd-btn-solid mkd-btn-custom-hover-bg mkd-btn-custom-border-hover mkd-btn-icon\" >\n    <span class=\"mkd-btn-text\"  data-hover-bg-color=\"#ff4242\" data-hover-border-color=\"#ff4242\">Mehr erfahren...<\/span>\n    <span class=\"mkd-btn-icon\" ><i class=\"mkd-icon-font-awesome fa fa-long-arrow-right \" ><\/i><\/span>\n<\/a>\t\t<\/div>\n\n\t<\/div>\n\n    <\/div><\/div><div class=\"mkd-elements-holder   mkd-two-columns  mkd-responsive-mode-768 \" ><div class=\"mkd-eh-item    \" style=\"background-color: #2e3338;background-image: url(https:\/\/logystem.sindev.ch\/wp-content\/uploads\/2024\/04\/Audit.png)\" data-item-class=\"mkd-eh-custom-8511\" data-1280-1600=\"111px 15% 131px 18.5%\" data-1024-1280=\"111px 11% 131px 14%\" data-768-1024=\"111px 22% 131px 24%\" data-680-768=\"111px 42% 114px 12.2%\" data-680=\"111px 6% 114px 9.5%\">\n\n\t<div class=\"mkd-eh-item-inner\">\n\n\t\t<div class=\"mkd-eh-item-content mkd-eh-custom-8511\" style=\"padding: 111px 23% 131px 26%\">\n\t\t\t<div class=\"mkd-section-title-holder  mkd-st-standard mkd-st-title-left mkd-st-normal-space \" style=\"text-align: left\">\n\t<div class=\"mkd-st-inner\">\n\t\t\t\t\t<h3 class=\"mkd-st-title\" style=\"color: #ffffff\">\n\t\t\t\tAudit\t\t\t<\/h3>\n\t\t\t\t\t\t\t<p class=\"mkd-st-text\" style=\"line-height: 30px;margin-top: 20px\">\n\t\t\t\tProfitieren Sie von einem professionellen Blick von au\u00dfen und nutzen Sie unsere Erfahrung\t\t\t<\/p>\n\t\t\t<\/div>\n<\/div>[vc_empty_space height=&#8220;40&#8243;]<a itemprop=\"url\" href=\"\/de\/contact-us\/\" target=\"_self\"  class=\"mkd-btn mkd-btn-medium mkd-btn-solid mkd-btn-custom-hover-bg mkd-btn-custom-border-hover mkd-btn-icon\" >\n    <span class=\"mkd-btn-text\"  data-hover-bg-color=\"#ff4242\" data-hover-border-color=\"#ff4242\">Mehr erfahren...<\/span>\n    <span class=\"mkd-btn-icon\" ><i class=\"mkd-icon-font-awesome fa fa-long-arrow-right \" ><\/i><\/span>\n<\/a>\t\t<\/div>\n\n\t<\/div>\n\n    <\/div><div class=\"mkd-eh-item    \" style=\"background-image: url(https:\/\/logystem.sindev.ch\/wp-content\/uploads\/2024\/04\/Conseil.png)\" data-item-class=\"mkd-eh-custom-3720\" data-1280-1600=\"111px 15% 131px 18.5%\" data-1024-1280=\"111px 11% 131px 14%\" data-768-1024=\"111px 21% 131px 27%\" data-680-768=\"111px 42% 131px 12.2%\" data-680=\"111px 6% 131px 9.5%\">\n\n\t<div class=\"mkd-eh-item-inner\">\n\n\t\t<div class=\"mkd-eh-item-content mkd-eh-custom-3720\" style=\"padding: 111px 23% 131px 26%\">\n\t\t\t<div class=\"mkd-section-title-holder  mkd-st-standard mkd-st-title-left mkd-st-normal-space \" style=\"text-align: left\">\n\t<div class=\"mkd-st-inner\">\n\t\t\t\t\t<h3 class=\"mkd-st-title\" style=\"color: #ffffff\">\n\t\t\t\tBeratung\t\t\t<\/h3>\n\t\t\t\t\t\t\t<p class=\"mkd-st-text\" style=\"line-height: 30px;margin-top: 20px\">\n\t\t\t\tWir stellen unsere F\u00e4higkeiten in Ihren Dienst, um Ihre Qualit\u00e4tskontrolle zu verbessern\t\t\t<\/p>\n\t\t\t<\/div>\n<\/div>[vc_empty_space height=&#8220;40&#8243;]<a itemprop=\"url\" href=\"\/de\/contact-us\/\" target=\"_self\"  class=\"mkd-btn mkd-btn-medium mkd-btn-solid mkd-btn-custom-hover-bg mkd-btn-custom-border-hover mkd-btn-icon\" >\n    <span class=\"mkd-btn-text\"  data-hover-bg-color=\"#ff4242\" data-hover-border-color=\"#ff4242\">Mehr erfahren...<\/span>\n    <span class=\"mkd-btn-icon\" ><i class=\"mkd-icon-font-awesome fa fa-long-arrow-right \" ><\/i><\/span>\n<\/a>\t\t<\/div>\n\n\t<\/div>\n\n    <\/div><\/div>[\/vc_column][\/vc_row][vc_row row_content_width=&#8220;grid&#8220; content_text_aligment=&#8220;center&#8220; css=&#8220;.vc_custom_1512391623363{padding-top: 150px !important;padding-bottom: 102px !important;}&#8220; simple_background_color=&#8220;#ffffff&#8220;][vc_column offset=&#8220;vc_col-lg-offset-0 vc_col-lg-12 vc_col-md-offset-0 vc_col-md-12 vc_col-sm-offset-0 vc_col-xs-12&#8243;]<div class=\"mkd-elements-holder   mkd-three-columns  mkd-responsive-mode-768 \" ><div class=\"mkd-eh-item    \"  data-item-class=\"mkd-eh-custom-3698\" data-1024-1280=\"0 13% 40px 13%\" data-768-1024=\"0 5% 40px 0%\" data-680-768=\"0 28% 40px 28%\" data-680=\"0px 0% 40px 0%\">\n\n\t<div class=\"mkd-eh-item-inner\">\n\n\t\t<div class=\"mkd-eh-item-content mkd-eh-custom-3698\" style=\"padding: 0 20% 40px 20%\">\n\t\t\t<div class=\"mkd-pie-chart-holder \">\n\t<div class=\"mkd-pc-percentage\" data-percent=\"100\" data-bar-color=\"#2198d5\" data-track-color=\"#ffffff\">\n\t\t<span class=\"mkd-pc-percent\" >100<\/span>\n\t<\/div>\n\t\t\t<div class=\"mkd-pc-text-holder\">\n\t\t\t\t\t\t\t<h4 class=\"mkd-pc-title\" >Anh\u00f6ren Ihrer Bed\u00fcrfnisse<\/h4>\n\t\t\t\t\t\t\t\t<\/div>\n\t<\/div>\t\t<\/div>\n\n\t<\/div>\n\n    <\/div><div class=\"mkd-eh-item   mkd-horizontal-alignment-center \"  data-item-class=\"mkd-eh-custom-5097\" data-1024-1280=\"0 13% 40px 13%\" data-768-1024=\"0 5% 40px 0%\" data-680-768=\"0 28% 40px 28%\" data-680=\"0px 0% 40px 0%\">\n\n\t<div class=\"mkd-eh-item-inner\">\n\n\t\t<div class=\"mkd-eh-item-content mkd-eh-custom-5097\" style=\"padding: 0 20% 40px 20%\">\n\t\t\t[vc_progress_bar values=&#8220;%5B%7B%22value%22%3A%2290%22%2C%22color%22%3A%22bar_green%22%7D%2C%7B%22value%22%3A%2280%22%2C%22color%22%3A%22bar_orange%22%7D%2C%7B%22value%22%3A%2270%22%2C%22color%22%3A%22bar_grey%22%7D%5D&#8220; title=&#8220;Umsetzung Ihres Projekts&#8220;]\t\t<\/div>\n\n\t<\/div>\n\n    <\/div><div class=\"mkd-eh-item    \"  data-item-class=\"mkd-eh-custom-7326\">\n\n\t<div class=\"mkd-eh-item-inner\">\n\n\t\t<div class=\"mkd-eh-item-content mkd-eh-custom-7326\" >\n\t\t\t[vc_round_chart type=&#8220;doughnut&#8220; style=&#8220;custom&#8220; stroke_width=&#8220;1&#8243; stroke_color=&#8220;grey&#8220; values=&#8220;%5B%7B%22value%22%3A%2260%22%2C%22color%22%3A%22white%22%7D%2C%7B%22title%22%3A%22%2B%20500%20zufriedene%20Kunden%22%2C%22value%22%3A%22500%22%2C%22color%22%3A%22turquoise%22%2C%22custom_color%22%3A%22%235aa1e3%22%7D%5D&#8220; css_animation=&#8220;none&#8220; title=&#8220;Ergebnisse&#8220;]\t\t<\/div>\n\n\t<\/div>\n\n    <\/div><\/div>[\/vc_column][\/vc_row][vc_row content_placement=&#8220;middle&#8220; content_text_aligment=&#8220;center&#8220;][vc_column offset=&#8220;vc_col-lg-offset-0 vc_col-md-offset-0 vc_col-sm-offset-0 vc_col-xs-12&#8243;]<a itemprop=\"url\" href=\"\/de\/contact-us\/\" target=\"_self\"  class=\"mkd-btn mkd-btn-full-width mkd-btn-solid mkd-btn-custom-hover-bg mkd-btn-custom-border-hover\" >\n    <span class=\"mkd-btn-text\" style=\"font-size: 60px;font-family: Oswald;letter-spacing: 0;height: 200px\" data-hover-bg-color=\"#ff4242\" data-hover-border-color=\"#ff4242\">Kontaktieren Sie uns!<\/span>\n    <span class=\"mkd-btn-icon\" ><\/span>\n<\/a>[\/vc_column][\/vc_row]<\/p>\n<\/div>","protected":false},"excerpt":{"rendered":"<p>[vc_row parallax_background_image=&#8220;4580&#8243; parallax_bg_speed=&#8220;1.5&#8243; css=&#8220;.vc_custom_1704702871775{padding-top: 140px !important;padding-bottom: 150px !important;}&#8220;][vc_column offset=&#8220;vc_col-lg-offset-0 vc_col-lg-5 vc_col-md-offset-0 vc_col-md-6 vc_col-sm-offset-0 vc_col-xs-12&#8243;][\/vc_column][\/vc_row][vc_row row_content_width=&#8220;grid&#8220;][vc_column offset=&#8220;vc_col-lg-offset-0 vc_col-lg-6 vc_col-md-offset-0 vc_col-md-12 vc_col-sm-offset-0&#8243;][\/vc_column][vc_column offset=&#8220;vc_col-lg-offset-0 vc_col-lg-6 vc_col-md-offset-0 vc_col-md-12 vc_col-sm-offset-0&#8243;][\/vc_column][\/vc_row][vc_row equal_height=&#8220;yes&#8220; content_text_aligment=&#8220;left&#8220; simple_background_color=&#8220;#24272a&#8220;][vc_column offset=&#8220;vc_col-lg-offset-0 vc_col-lg-4 vc_col-md-offset-0 vc_col-sm-offset-0&#8243;][\/vc_column][vc_column offset=&#8220;vc_col-lg-offset-0 vc_col-lg-8 vc_col-md-offset-0 vc_col-sm-offset-0 vc_col-xs-12&#8243; css=&#8220;.vc_custom_1511340999306{padding-right: 0px !important;padding-left: 0px !important;}&#8220;][\/vc_column][\/vc_row][vc_row row_content_width=&#8220;grid&#8220; [&hellip;]<\/p>\n","protected":false},"author":3,"featured_media":0,"parent":0,"menu_order":0,"comment_status":"closed","ping_status":"closed","template":"full-width.php","meta":{"sfsi_plus_gutenberg_text_before_share":"","sfsi_plus_gutenberg_show_text_before_share":"","sfsi_plus_gutenberg_icon_type":"","sfsi_plus_gutenberg_icon_alignemt":"","sfsi_plus_gutenburg_max_per_row":"","footnotes":""},"class_list":["post-6221","page","type-page","status-publish","hentry"],"yoast_head":"<!-- This site is optimized with the Yoast SEO plugin v24.0 - https:\/\/yoast.com\/wordpress\/plugins\/seo\/ -->\n<title>Unsere Firma - Logystem<\/title>\n<meta name=\"robots\" content=\"index, follow, max-snippet:-1, max-image-preview:large, max-video-preview:-1\" \/>\n<link rel=\"canonical\" href=\"https:\/\/logystem.sindev.ch\/de\/notre-entreprise\/\" \/>\n<meta property=\"og:locale\" content=\"de_DE\" \/>\n<meta property=\"og:type\" content=\"article\" \/>\n<meta property=\"og:title\" content=\"Unsere Firma - Logystem\" \/>\n<meta property=\"og:description\" content=\"[vc_row parallax_background_image=&#8220;4580&#8243; parallax_bg_speed=&#8220;1.5&#8243; css=&#8220;.vc_custom_1704702871775{padding-top: 140px !important;padding-bottom: 150px !important;}&#8220;][vc_column offset=&#8220;vc_col-lg-offset-0 vc_col-lg-5 vc_col-md-offset-0 vc_col-md-6 vc_col-sm-offset-0 vc_col-xs-12&#8243;][\/vc_column][\/vc_row][vc_row row_content_width=&#8220;grid&#8220;][vc_column offset=&#8220;vc_col-lg-offset-0 vc_col-lg-6 vc_col-md-offset-0 vc_col-md-12 vc_col-sm-offset-0&#8243;][\/vc_column][vc_column offset=&#8220;vc_col-lg-offset-0 vc_col-lg-6 vc_col-md-offset-0 vc_col-md-12 vc_col-sm-offset-0&#8243;][\/vc_column][\/vc_row][vc_row equal_height=&#8220;yes&#8220; content_text_aligment=&#8220;left&#8220; simple_background_color=&#8220;#24272a&#8220;][vc_column offset=&#8220;vc_col-lg-offset-0 vc_col-lg-4 vc_col-md-offset-0 vc_col-sm-offset-0&#8243;][\/vc_column][vc_column offset=&#8220;vc_col-lg-offset-0 vc_col-lg-8 vc_col-md-offset-0 vc_col-sm-offset-0 vc_col-xs-12&#8243; css=&#8220;.vc_custom_1511340999306{padding-right: 0px !important;padding-left: 0px !important;}&#8220;][\/vc_column][\/vc_row][vc_row row_content_width=&#8220;grid&#8220; [&hellip;]\" \/>\n<meta property=\"og:url\" content=\"https:\/\/logystem.sindev.ch\/de\/notre-entreprise\/\" \/>\n<meta property=\"og:site_name\" content=\"Logystem\" \/>\n<meta property=\"article:modified_time\" content=\"2024-04-20T07:32:46+00:00\" \/>\n<meta name=\"twitter:card\" content=\"summary_large_image\" \/>\n<meta name=\"twitter:label1\" content=\"Gesch\u00e4tzte Lesezeit\" \/>\n\t<meta name=\"twitter:data1\" content=\"7\u00a0Minuten\" \/>\n<script type=\"application\/ld+json\" class=\"yoast-schema-graph\">{\"@context\":\"https:\/\/schema.org\",\"@graph\":[{\"@type\":\"WebPage\",\"@id\":\"https:\/\/logystem.sindev.ch\/de\/notre-entreprise\/\",\"url\":\"https:\/\/logystem.sindev.ch\/de\/notre-entreprise\/\",\"name\":\"Unsere Firma - Logystem\",\"isPartOf\":{\"@id\":\"https:\/\/logystem.sindev.ch\/de\/#website\"},\"datePublished\":\"2017-11-21T12:55:01+00:00\",\"dateModified\":\"2024-04-20T07:32:46+00:00\",\"breadcrumb\":{\"@id\":\"https:\/\/logystem.sindev.ch\/de\/notre-entreprise\/#breadcrumb\"},\"inLanguage\":\"de\",\"potentialAction\":[{\"@type\":\"ReadAction\",\"target\":[\"https:\/\/logystem.sindev.ch\/de\/notre-entreprise\/\"]}]},{\"@type\":\"BreadcrumbList\",\"@id\":\"https:\/\/logystem.sindev.ch\/de\/notre-entreprise\/#breadcrumb\",\"itemListElement\":[{\"@type\":\"ListItem\",\"position\":1,\"name\":\"Accueil\",\"item\":\"https:\/\/logystem.sindev.ch\/de\/\"},{\"@type\":\"ListItem\",\"position\":2,\"name\":\"Unsere Firma\"}]},{\"@type\":\"WebSite\",\"@id\":\"https:\/\/logystem.sindev.ch\/de\/#website\",\"url\":\"https:\/\/logystem.sindev.ch\/de\/\",\"name\":\"Logystem\",\"description\":\"Votre partenaire qualit\u00e9\",\"publisher\":{\"@id\":\"https:\/\/logystem.sindev.ch\/de\/#organization\"},\"potentialAction\":[{\"@type\":\"SearchAction\",\"target\":{\"@type\":\"EntryPoint\",\"urlTemplate\":\"https:\/\/logystem.sindev.ch\/de\/?s={search_term_string}\"},\"query-input\":{\"@type\":\"PropertyValueSpecification\",\"valueRequired\":true,\"valueName\":\"search_term_string\"}}],\"inLanguage\":\"de\"},{\"@type\":\"Organization\",\"@id\":\"https:\/\/logystem.sindev.ch\/de\/#organization\",\"name\":\"Logystem\",\"url\":\"https:\/\/logystem.sindev.ch\/de\/\",\"logo\":{\"@type\":\"ImageObject\",\"inLanguage\":\"de\",\"@id\":\"https:\/\/logystem.sindev.ch\/de\/#\/schema\/logo\/image\/\",\"url\":\"https:\/\/logystem.ch\/wp-content\/uploads\/2023\/11\/Logo_logystem_DEF_CMYK_200x88mm_600dpi_Original.png\",\"contentUrl\":\"https:\/\/logystem.ch\/wp-content\/uploads\/2023\/11\/Logo_logystem_DEF_CMYK_200x88mm_600dpi_Original.png\",\"width\":600,\"height\":265,\"caption\":\"Logystem\"},\"image\":{\"@id\":\"https:\/\/logystem.sindev.ch\/de\/#\/schema\/logo\/image\/\"}}]}<\/script>\n<!-- \/ Yoast SEO plugin. -->","yoast_head_json":{"title":"Unsere Firma - Logystem","robots":{"index":"index","follow":"follow","max-snippet":"max-snippet:-1","max-image-preview":"max-image-preview:large","max-video-preview":"max-video-preview:-1"},"canonical":"https:\/\/logystem.sindev.ch\/de\/notre-entreprise\/","og_locale":"de_DE","og_type":"article","og_title":"Unsere Firma - Logystem","og_description":"[vc_row parallax_background_image=&#8220;4580&#8243; parallax_bg_speed=&#8220;1.5&#8243; css=&#8220;.vc_custom_1704702871775{padding-top: 140px !important;padding-bottom: 150px !important;}&#8220;][vc_column offset=&#8220;vc_col-lg-offset-0 vc_col-lg-5 vc_col-md-offset-0 vc_col-md-6 vc_col-sm-offset-0 vc_col-xs-12&#8243;][\/vc_column][\/vc_row][vc_row row_content_width=&#8220;grid&#8220;][vc_column offset=&#8220;vc_col-lg-offset-0 vc_col-lg-6 vc_col-md-offset-0 vc_col-md-12 vc_col-sm-offset-0&#8243;][\/vc_column][vc_column offset=&#8220;vc_col-lg-offset-0 vc_col-lg-6 vc_col-md-offset-0 vc_col-md-12 vc_col-sm-offset-0&#8243;][\/vc_column][\/vc_row][vc_row equal_height=&#8220;yes&#8220; content_text_aligment=&#8220;left&#8220; simple_background_color=&#8220;#24272a&#8220;][vc_column offset=&#8220;vc_col-lg-offset-0 vc_col-lg-4 vc_col-md-offset-0 vc_col-sm-offset-0&#8243;][\/vc_column][vc_column offset=&#8220;vc_col-lg-offset-0 vc_col-lg-8 vc_col-md-offset-0 vc_col-sm-offset-0 vc_col-xs-12&#8243; css=&#8220;.vc_custom_1511340999306{padding-right: 0px !important;padding-left: 0px !important;}&#8220;][\/vc_column][\/vc_row][vc_row row_content_width=&#8220;grid&#8220; [&hellip;]","og_url":"https:\/\/logystem.sindev.ch\/de\/notre-entreprise\/","og_site_name":"Logystem","article_modified_time":"2024-04-20T07:32:46+00:00","twitter_card":"summary_large_image","twitter_misc":{"Gesch\u00e4tzte Lesezeit":"7\u00a0Minuten"},"schema":{"@context":"https:\/\/schema.org","@graph":[{"@type":"WebPage","@id":"https:\/\/logystem.sindev.ch\/de\/notre-entreprise\/","url":"https:\/\/logystem.sindev.ch\/de\/notre-entreprise\/","name":"Unsere Firma - Logystem","isPartOf":{"@id":"https:\/\/logystem.sindev.ch\/de\/#website"},"datePublished":"2017-11-21T12:55:01+00:00","dateModified":"2024-04-20T07:32:46+00:00","breadcrumb":{"@id":"https:\/\/logystem.sindev.ch\/de\/notre-entreprise\/#breadcrumb"},"inLanguage":"de","potentialAction":[{"@type":"ReadAction","target":["https:\/\/logystem.sindev.ch\/de\/notre-entreprise\/"]}]},{"@type":"BreadcrumbList","@id":"https:\/\/logystem.sindev.ch\/de\/notre-entreprise\/#breadcrumb","itemListElement":[{"@type":"ListItem","position":1,"name":"Accueil","item":"https:\/\/logystem.sindev.ch\/de\/"},{"@type":"ListItem","position":2,"name":"Unsere Firma"}]},{"@type":"WebSite","@id":"https:\/\/logystem.sindev.ch\/de\/#website","url":"https:\/\/logystem.sindev.ch\/de\/","name":"Logystem","description":"Votre partenaire qualit\u00e9","publisher":{"@id":"https:\/\/logystem.sindev.ch\/de\/#organization"},"potentialAction":[{"@type":"SearchAction","target":{"@type":"EntryPoint","urlTemplate":"https:\/\/logystem.sindev.ch\/de\/?s={search_term_string}"},"query-input":{"@type":"PropertyValueSpecification","valueRequired":true,"valueName":"search_term_string"}}],"inLanguage":"de"},{"@type":"Organization","@id":"https:\/\/logystem.sindev.ch\/de\/#organization","name":"Logystem","url":"https:\/\/logystem.sindev.ch\/de\/","logo":{"@type":"ImageObject","inLanguage":"de","@id":"https:\/\/logystem.sindev.ch\/de\/#\/schema\/logo\/image\/","url":"https:\/\/logystem.ch\/wp-content\/uploads\/2023\/11\/Logo_logystem_DEF_CMYK_200x88mm_600dpi_Original.png","contentUrl":"https:\/\/logystem.ch\/wp-content\/uploads\/2023\/11\/Logo_logystem_DEF_CMYK_200x88mm_600dpi_Original.png","width":600,"height":265,"caption":"Logystem"},"image":{"@id":"https:\/\/logystem.sindev.ch\/de\/#\/schema\/logo\/image\/"}}]}},"_links":{"self":[{"href":"https:\/\/logystem.sindev.ch\/de\/wp-json\/wp\/v2\/pages\/6221","targetHints":{"allow":["GET"]}}],"collection":[{"href":"https:\/\/logystem.sindev.ch\/de\/wp-json\/wp\/v2\/pages"}],"about":[{"href":"https:\/\/logystem.sindev.ch\/de\/wp-json\/wp\/v2\/types\/page"}],"author":[{"embeddable":true,"href":"https:\/\/logystem.sindev.ch\/de\/wp-json\/wp\/v2\/users\/3"}],"replies":[{"embeddable":true,"href":"https:\/\/logystem.sindev.ch\/de\/wp-json\/wp\/v2\/comments?post=6221"}],"version-history":[{"count":15,"href":"https:\/\/logystem.sindev.ch\/de\/wp-json\/wp\/v2\/pages\/6221\/revisions"}],"predecessor-version":[{"id":6350,"href":"https:\/\/logystem.sindev.ch\/de\/wp-json\/wp\/v2\/pages\/6221\/revisions\/6350"}],"wp:attachment":[{"href":"https:\/\/logystem.sindev.ch\/de\/wp-json\/wp\/v2\/media?parent=6221"}],"curies":[{"name":"wp","href":"https:\/\/api.w.org\/{rel}","templated":true}]}}