{"id":6304,"date":"2024-01-11T15:37:25","date_gmt":"2024-01-11T14:37:25","guid":{"rendered":"http:\/\/logystem.ch\/quickcontrol-soft\/"},"modified":"2024-04-09T17:00:57","modified_gmt":"2024-04-09T15:00:57","slug":"quickcontrol-soft","status":"publish","type":"page","link":"https:\/\/logystem.sindev.ch\/de\/quickcontrol-soft\/","title":{"rendered":"QuickControl"},"content":{"rendered":"<div class=\"wpb-content-wrapper\"><p>[vc_row][vc_column][vc_single_image image=&#8220;5785&#8243; img_size=&#8220;medium&#8220; alignment=&#8220;center&#8220; css=&#8220;.vc_custom_1705397869320{padding-top: 0px !important;padding-right: 0px !important;padding-bottom: 0px !important;padding-left: 0px !important;}&#8220;][\/vc_column][\/vc_row][vc_row][vc_column][vc_empty_space height=&#8220;80px&#8220;][\/vc_column][\/vc_row][vc_row full_width=&#8220;stretch_row_content&#8220; full_height=&#8220;yes&#8220; content_text_aligment=&#8220;center&#8220; simple_background_color=&#8220;#353535&#8243; parallax_background_image=&#8220;4647&#8243; parallax_bg_height=&#8220;400&#8243;][vc_column]<div class=\"mkd-elements-holder   mkd-one-column  mkd-responsive-mode-768 \" ><div class=\"mkd-eh-item   mkd-horizontal-alignment-center \"  data-item-class=\"mkd-eh-custom-7136\">\n\n\t<div class=\"mkd-eh-item-inner\">\n\n\t\t<div class=\"mkd-eh-item-content mkd-eh-custom-7136\" >\n\t\t\t[vc_wp_text]<\/p>\n<h4 style=\"text-align: center;\"><span style=\"color: #999999;\">QuickControl ist eine Software zur Verwaltung von statistischen Stichprobenkontrollen nach dem Acceptable Quality Level AQL\/AQL sowie zur Inprozesskontrolle f\u00fcr die statistische Prozesskontrolle MSP\/SPC.<\/span><br \/>\n<span style=\"color: #999999;\">Es integriert ein Management von der Eingangskontrolle bis zur Endkontrolle.<\/span><\/h4>\n<h3 class=\"row-simple_subtitle__aH5SG\" style=\"text-align: center;\"><span style=\"color: #ff0000;\">QuickControl wurde entwickelt, um Chargen w\u00e4hrend des gesamten Herstellungsprozesses zu validieren.<\/span><\/h3>\n<p>[\/vc_wp_text]\t\t<\/div>\n\n\t<\/div>\n\n    <\/div><\/div>[\/vc_column][\/vc_row][vc_row][vc_column]<div class=\"mkd-elements-holder   mkd-one-column  mkd-responsive-mode-768 \" style=\"background-color: #ffffff\"><div class=\"mkd-eh-item    \" style=\"background-color: #ffffff\" data-item-class=\"mkd-eh-custom-1742\">\n\n\t<div class=\"mkd-eh-item-inner\">\n\n\t\t<div class=\"mkd-eh-item-content mkd-eh-custom-1742\" >\n\t\t\t<div class=\"mkd-single-image-holder   \">\n    <div class=\"mkd-si-inner\" style=\"background-image: url(https:\/\/logystem.sindev.ch\/wp-content\/uploads\/2024\/01\/Quick-Screen.png)\">\n                                    <img loading=\"lazy\" decoding=\"async\" width=\"3010\" height=\"1794\" src=\"https:\/\/logystem.sindev.ch\/wp-content\/uploads\/2024\/01\/Quick-Screen.png\" class=\"attachment-full size-full\" alt=\"\" srcset=\"https:\/\/logystem.sindev.ch\/wp-content\/uploads\/2024\/01\/Quick-Screen.png 3010w, https:\/\/logystem.sindev.ch\/wp-content\/uploads\/2024\/01\/Quick-Screen-300x179.png 300w, https:\/\/logystem.sindev.ch\/wp-content\/uploads\/2024\/01\/Quick-Screen-1024x610.png 1024w, https:\/\/logystem.sindev.ch\/wp-content\/uploads\/2024\/01\/Quick-Screen-768x458.png 768w, https:\/\/logystem.sindev.ch\/wp-content\/uploads\/2024\/01\/Quick-Screen-1536x915.png 1536w\" sizes=\"auto, (max-width: 3010px) 100vw, 3010px\" \/>                        <\/div>\n<\/div>\t\t<\/div>\n\n\t<\/div>\n\n    <\/div><\/div>[\/vc_column][\/vc_row][vc_row][vc_column][vc_empty_space height=&#8220;80px&#8220;][\/vc_column][\/vc_row][vc_row][vc_column][vc_column_text]<\/p>\n<h2>Die Funktionen von QuickControl<\/h2>\n<hr \/>\n<p>&nbsp;<\/p>\n<h4>Pr\u00fcfplanmanager<\/h4>\n<p>Mit dem Pr\u00fcfplanmanager k\u00f6nnen Sie Pr\u00fcfpl\u00e4ne erstellen, bearbeiten, validieren, kopieren, drucken, exportieren und importieren. Der Pr\u00fcfplan wird verwendet, um eine Pr\u00fcfung zu erstellen.<\/p>\n<p>Ein Pr\u00fcfplan umfasst :<\/p>\n<ul>\n<li>Die Identifizierung des Produkts<\/li>\n<li>Die zu kontrollierenden Attribute und Ma\u00dfnahmen<\/li>\n<li>Der Stichprobenplan<\/li>\n<li>Alle Optionen, die sich auf die Dateneingabe f\u00fcr Messungen beziehen (Beispiel: der RS232-Treiber, die Methode zur Eingabe von Messungen usw.).<\/li>\n<li style=\"list-style-type: none;\">\n<ul>\n<li style=\"list-style-type: none;\">\n<ul>\n<li style=\"list-style-type: none;\"><\/li>\n<\/ul>\n<\/li>\n<\/ul>\n<\/li>\n<\/ul>\n<h4>Manager f\u00fcr die Erfassung von Kontrollen<\/h4>\n<p>Ist ein Werkzeug, das f\u00fcr die Dateneingabe von Attributen und Messungen mit oder ohne Kontrollplan verwendet wird.<\/p>\n<p>Die Erfassung von Messungen ist \u00fcber die RS232-Leitung m\u00f6glich, die mit einem digitalen Messger\u00e4t verbunden ist, manuell oder mit P-File-Treibern, die mit einer 3D-Messmaschine oder mit einer CCD-Kamera verbunden sind.<\/p>\n<p>Mit dem Kontrollerfassungsmanager k\u00f6nnen Sie Daten sowie verschiedene grafische Darstellungen von Statistiken erstellen, bearbeiten, exportieren und ausdrucken.<\/p>\n<p>Die Erfassung von Messungen aus einem Messger\u00e4t wird durch Methoden unterst\u00fctzt, Es ist m\u00f6glich, Werte oder Messdaten mit einer mathematischen Formulierung zu berechnen.<\/p>\n<h4>Identifizierung der Ausr\u00fcstung durch Kontrolle<\/h4>\n<p>F\u00fcr die derzeit immer anspruchsvolleren Anforderungen an die R\u00fcckverfolgbarkeit erm\u00f6glicht die Identifizierung von Ger\u00e4ten pro Kontrolle, f\u00fcr den Mess- und Attributteil getrennt eine Anzahl von Ger\u00e4ten zu definieren, die bei der Kontrolle verwendet werden. Diese Ger\u00e4te k\u00f6nnen manuell oder \u00fcber die mit QuickControl verbundene MetroMax-Datenbank registriert werden.<\/p>\n<p>Die Liste der verkn\u00fcpften Ausr\u00fcstungsgegenst\u00e4nde ist danach jederzeit direkt in der Kontrolle verf\u00fcgbar.<\/p>\n<h4>Kontrolle durch Anzahlung<\/h4>\n<p>Dieses System erm\u00f6glicht es, seine Kontrolle in mehrere Abschlagszahlungen aufzuteilen. Auf diese Weise wird die Kontrollstruktur mit ihren Stichprobenpl\u00e4nen, Rippen und Attributen mehrfach erzeugt, und diese kopierte Struktur stellt eine Anzahlung dar. Jede Anzahlung hat ihre eigene Menge und Akzeptanz nach den Kriterien, die im Kontrollplan festgelegt sind.<\/p>\n<p>Die Annahme der Gesamtpr\u00fcfung wird anhand der Annahme der einzelnen Anzahlungen festgelegt.<\/p>\n<p>Die Mengenverwaltung wird \u00fcber Anzahlungen abgewickelt. In Bezug auf die Gesamtkontrollmengen summiert der Prozess die verschiedenen Mengen, die in jede Anzahlung eingegeben wurden, um eine Gesamtsumme f\u00fcr jede Menge auszugeben.<\/p>\n<p>Es ist auch m\u00f6glich, einen Gesamtkontrollbericht zu drucken, der alle Anzahlungen der Kontrolle enth\u00e4lt.<\/p>\n<h4>Panels Maschine<\/h4>\n<p>Dieser Eingabemodus erm\u00f6glicht es, die Daten der MSP\/SPC-Kontrollen in Form eines grafischen Panels zusammenzufassen, um die MSP\/SPC-Eingabe einfacher und ergonomischer zu gestalten oder um Karten und die MSP\/SPC-\u00dcbersicht zu visualisieren.<\/p>\n<p>Die wichtigsten Funktionen, wie die Visualisierung der MSP\/SPC-Regelkarten, die Prozessf\u00e4higkeits\u00fcbersicht, das Prozessprotokoll, die Korrekturmatrix und die Dateneingabefunktionen f\u00fcr Attribute und Messungen sind auf jedem Maschinenpanel verf\u00fcgbar.<\/p>\n<h4>Bericht \u00fcber die R\u00fcckkehr des Lieferanten<\/h4>\n<p>Mit diesem Tool kann ein Bericht erstellt werden, der an den Lieferanten zur\u00fcckgeschickt wird, wenn Attribute und\/oder Messungen bei einer Kontrolle abgelehnt werden.<\/p>\n<p>Es ist m\u00f6glich, bestimmte Bilder und andere Informationen hinzuzuf\u00fcgen, um m\u00f6glichst viele Informationen in den Bericht \u00fcber die R\u00fccksendung nicht konformer Teile aufzunehmen, der sp\u00e4ter an den Lieferanten gesendet wird.<\/p>\n<h4>Verkn\u00fcpfung von BI-Software<\/h4>\n<p>Die BI-Verkn\u00fcpfung erm\u00f6glicht eine vereinfachte Verkn\u00fcpfung von QuickControl-Daten mit einer Software wie power BI, um sie \u00fcber die Software einzusehen und zu analysieren.<\/p>\n<h4>Kontroll-Dashboard<\/h4>\n<p>Mit diesem Tool k\u00f6nnen Sie mehrere Kontrollen nach einer Vielzahl von benutzerdefinierten Filtern zusammen gruppieren, um eine Analyse der Attribute und Messwerte der gruppierten Kontrollen durchzuf\u00fchren.<\/p>\n<p>Das Tool zeigt eine Liste der Attribute und Ratings an, die in jeder Kontrolle gefunden wurden, und es stehen auch mehrere Diagramme zur Verf\u00fcgung, um eine Analyse der Entwicklung der Ratings und Attribute zu erm\u00f6glichen.<\/p>\n<p>Es ist m\u00f6glich, einen Gesamtbericht mit allen analysierten Informationen auszudrucken. Es gibt drei verschiedene Arten von Berichten:<\/p>\n<ul>\n<li>Der grafische Bericht: Dieser Bericht enth\u00e4lt eine Liste der Attribute und Messungen, die in den Ergebnissen der Gruppenanalyse gefunden wurden. Es enth\u00e4lt auch Grafiken, wie sich die Attribute und Messwerte im Laufe der Kontrollen ver\u00e4ndern.<\/li>\n<li>Der Sammelbericht: Dieser Bericht enth\u00e4lt eine Liste aller Stichprobenpl\u00e4ne f\u00fcr Attribute und Messungen, die in den untersuchten Kontrollen vorkommen.<\/li>\n<li>Der Gesamtbericht: Dieser Bericht enth\u00e4lt eine Liste der Stichprobenpl\u00e4ne f\u00fcr Attribute und Messungen, die in den Ergebnissen der Sammelanalyse gefunden wurden.<\/li>\n<li style=\"list-style-type: none;\">\n<ul>\n<li style=\"list-style-type: none;\">\n<ul>\n<li style=\"list-style-type: none;\"><\/li>\n<\/ul>\n<\/li>\n<\/ul>\n<\/li>\n<\/ul>\n<h4>Excel-Dashboard<\/h4>\n<p>Mithilfe der \u00dcbersichtstabelle k\u00f6nnen Sie eine Liste von Bema\u00dfungen, Zeichnungen, Messungen oder Attributen erstellen, die in verschiedenen Pr\u00fcfungen oder Arbeitspl\u00e4nen vorkommen. Au\u00dferdem lassen sich damit verschiedene Informationen zu diesen Werten berechnen.<\/p>\n<p>Es sind mehrere Konfigurationen m\u00f6glich und jeder Typ wird speziell auf Kundenwunsch personalisiert.<\/p>\n<p>Alle Ergebnisse und analysierten Elemente k\u00f6nnen im Excel-Format exportiert werden.<\/p>\n<p>Das System erm\u00f6glicht es, jede \u00dcbersichtstabelle automatisch \u00fcber geplante Aufgaben zu berechnen und zu exportieren.<\/p>\n<h4>Verbindung mit MetroMax<\/h4>\n<p>Sie k\u00f6nnen QuickControl auch mit <a href=\"https:\/\/ntmsa.ch\/produits\/metromax\/\">MetroMax<\/a> verkn\u00fcpfen, um die Ausr\u00fcstung der Kontrolle zu verfolgen.<\/p>\n<h4>Kataloge<\/h4>\n<p>QuickControl Pro enth\u00e4lt Kataloge, die f\u00fcr die Erstellung von Pr\u00fcfpl\u00e4nen oder \u00c4hnlichem bestimmt sind. Dies erm\u00f6glicht es, sich wiederholende Informationen zu speichern und so die Produktivit\u00e4t bei der Eingabe zu erh\u00f6hen, w\u00e4hrend man gleichzeitig von einer standardisierten Syntax profitiert.<\/p>\n<h4>Mehrere Umgebungen<\/h4>\n<p>QuickControl Pro kann lokal auf Ihrem Computer oder \u00fcber ein Netzwerk in Ihrem Unternehmen verwendet werden. Eine Reihe von Tools erm\u00f6glicht es Ihnen, Systemeinstellungen vorzunehmen und Benutzer zu verwalten.<\/p>\n<p>&nbsp;<\/p>\n<p>&nbsp;<\/p>\n<h2>Die optionalen Module<\/h2>\n<hr \/>\n<p>&nbsp;<\/p>\n<h4>Das Analysemodul<\/h4>\n<p>Dieses Modul erm\u00f6glicht die Analyse von Kontrollen \u00fcber einen Zeitraum und nach einer benutzerdefinierten Methode. Es ist m\u00f6glich, ein Produkt zur Qualit\u00e4tsverfolgung einzureichen und eine ABC-Notierung f\u00fcr das Produkt des betreffenden Lieferanten festzulegen.<\/p>\n<h4>\u00dcberwachungsplan<\/h4>\n<p>Dieses Modul erm\u00f6glicht die Nachverfolgung von Metrologieausr\u00fcstungen. Ziel ist es, einen Trend f\u00fcr die Leistung und Genauigkeit der Ausr\u00fcstung oder des Kontrollmittels zu ermitteln.<\/p>\n<p>4 Arten von \u00dcberwachungspl\u00e4nen sind m\u00f6glich :<\/p>\n<ul>\n<li>Die Verfolgung von Abweichungen: Misst die Differenz der gefundenen Abweichungen zu den gemessenen Werten.<\/li>\n<li>Die Wiederholbarkeit (Typ A) : Ma\u00df f\u00fcr die Standardabweichung einer Reihe von Werten, die f\u00fcr dieselbe Stichprobe durchgef\u00fchrt wurden.<\/li>\n<li>Parallelit\u00e4t: Messung der maximalen Abweichung, die zwischen zwei Ebenen gefunden wird.<\/li>\n<li>Ebenheit: Messung der maximalen Abweichung, die auf einer ebenen Fl\u00e4che gefunden wird.<\/li>\n<li style=\"list-style-type: none;\">\n<ul>\n<li style=\"list-style-type: none;\">\n<ul>\n<li style=\"list-style-type: none;\"><\/li>\n<\/ul>\n<\/li>\n<\/ul>\n<\/li>\n<\/ul>\n<h4>Wiederholbarkeit &amp; Reproduzierbarkeit &#8211; R&amp;R<\/h4>\n<p>Das Ziel der R&amp;R-Studie ist es, festzustellen, ob die Unsicherheit und Variabilit\u00e4t der Messung mit der Toleranz und Variabilit\u00e4t des Prozesses vereinbar ist.<\/p>\n<p>Wir verwenden die vollst\u00e4ndige R&amp;R-Methode mit der Extensionsmethode oder die ANAVAR\/ANOVA-Methode der Varianzanalyse. Sie bewertet die kurzfristige Streuung des Messinstruments. Die F\u00e4higkeit Cpc (Capability of the Control Process) erm\u00f6glicht es, den Anteil der Messstreuung an der Gesamtstreuung zu bewerten.<\/p>\n<h4>Quick Control bestellen<\/h4>\n<p>Unsere verschiedenen Softwareprogramme erm\u00f6glichen eine Verbindung mit einem computergest\u00fctzten Produktionsmanagementsystem, um bestimmte Aufgaben zu automatisieren und verschiedene gemeinsame Daten zu vereinheitlichen :<\/p>\n<ul>\n<li>Verkn\u00fcpfung mit verschiedenen Katalogen von Artikeln, Kunden, Lieferanten, Materialien etc.<\/li>\n<li>Lesen von Daten aus Einkaufs- und Fertigungsauftr\u00e4gen<\/li>\n<li>Verfolgung und Erstellung von Kontrollen gem\u00e4\u00df dem Arbeitsplan<\/li>\n<li>Bidirektionale Verbindung f\u00fcr R\u00fcckmeldungen an das ERP-System, gute, abgelehnte Menge, Kontrollstatus, etc.<\/li>\n<li style=\"list-style-type: none;\">\n<ul>\n<li style=\"list-style-type: none;\">\n<ul>\n<li style=\"list-style-type: none;\"><\/li>\n<\/ul>\n<\/li>\n<\/ul>\n<\/li>\n<\/ul>\n<h4>Das P-File-Verwaltungssystem<\/h4>\n<p>Funktionen, die es erm\u00f6glichen, verschiedene Messger\u00e4te und -maschinen zu verbinden und zu verwenden, um Daten in eine Kontrolle zu \u00fcbertragen.<\/p>\n<ul>\n<li>Mikrometer, Messuhren, Messschieber etc.<\/li>\n<li>Maschinen f\u00fcr optische und tastende 3D- und 2D-Messungen<\/li>\n<li>Alle anderen Ger\u00e4te mit Verbindungsm\u00f6glichkeiten des Typs RS232, USB, Bluetooth oder \u00fcber Datei<\/li>\n<li style=\"list-style-type: none;\">\n<ul>\n<li style=\"list-style-type: none;\">\n<ul>\n<li style=\"list-style-type: none;\"><\/li>\n<\/ul>\n<\/li>\n<\/ul>\n<\/li>\n<\/ul>\n<h4>Das Lesen von CAD-Dateien<\/h4>\n<p>Unsere verschiedenen Softwareprogramme erm\u00f6glichen eine Verbindung mit einem CAD-Zeichensystem mit dem Ziel, verschiedene Daten f\u00fcr die Kontrolle zu visualisieren und\/oder abzurufen.<\/p>\n<p>Verwendete CAD-Software: Catia, SolidWorks, Inventor, Creo, etc.<\/p>\n<ul>\n<li>Erstellen eines Pr\u00fcfplans nach der Zeichnung des Teils<\/li>\n<li>Automatische Datenaktualisierung des Sortiments<\/li>\n<li>Visualisierung und Hervorhebung von Bema\u00dfungen auf der Zeichnung des Teils bei der Kontrolle<\/li>\n<li style=\"list-style-type: none;\">\n<ul>\n<li style=\"list-style-type: none;\">\n<ul>\n<li style=\"list-style-type: none;\"><\/li>\n<\/ul>\n<\/li>\n<\/ul>\n<\/li>\n<\/ul>\n<p>[\/vc_column_text][\/vc_column][\/vc_row][vc_row][vc_column][vc_empty_space height=&#8220;80px&#8220;][\/vc_column][\/vc_row][vc_row full_width=&#8220;stretch_row_content_no_spaces&#8220; content_placement=&#8220;middle&#8220; content_text_aligment=&#8220;center&#8220;][vc_column]<a itemprop=\"url\" href=\"\/de\/contact-us\/\" target=\"_self\"  class=\"mkd-btn mkd-btn-full-width mkd-btn-solid mkd-btn-custom-hover-bg mkd-btn-custom-border-hover\" >\n    <span class=\"mkd-btn-text\" style=\"font-size: 60px;font-family: Oswald;letter-spacing: 0;height: 200px\" data-hover-bg-color=\"#ff4242\" data-hover-border-color=\"#ff4242\">Kontaktieren Sie uns!<\/span>\n    <span class=\"mkd-btn-icon\" ><\/span>\n<\/a>[\/vc_column][\/vc_row]<\/p>\n<\/div>","protected":false},"excerpt":{"rendered":"<p>[vc_row][vc_column][vc_single_image image=&#8220;5785&#8243; img_size=&#8220;medium&#8220; alignment=&#8220;center&#8220; css=&#8220;.vc_custom_1705397869320{padding-top: 0px !important;padding-right: 0px !important;padding-bottom: 0px !important;padding-left: 0px !important;}&#8220;][\/vc_column][\/vc_row][vc_row][vc_column][vc_empty_space height=&#8220;80px&#8220;][\/vc_column][\/vc_row][vc_row full_width=&#8220;stretch_row_content&#8220; full_height=&#8220;yes&#8220; content_text_aligment=&#8220;center&#8220; simple_background_color=&#8220;#353535&#8243; parallax_background_image=&#8220;4647&#8243; parallax_bg_height=&#8220;400&#8243;][vc_column][\/vc_column][\/vc_row][vc_row][vc_column][\/vc_column][\/vc_row][vc_row][vc_column][vc_empty_space height=&#8220;80px&#8220;][\/vc_column][\/vc_row][vc_row][vc_column][vc_column_text] Die Funktionen von QuickControl &nbsp; Pr\u00fcfplanmanager Mit dem Pr\u00fcfplanmanager k\u00f6nnen Sie Pr\u00fcfpl\u00e4ne erstellen, bearbeiten, validieren, kopieren, drucken, exportieren und importieren. Der Pr\u00fcfplan [&hellip;]<\/p>\n","protected":false},"author":3,"featured_media":0,"parent":0,"menu_order":0,"comment_status":"closed","ping_status":"open","template":"","meta":{"sfsi_plus_gutenberg_text_before_share":"","sfsi_plus_gutenberg_show_text_before_share":"","sfsi_plus_gutenberg_icon_type":"","sfsi_plus_gutenberg_icon_alignemt":"","sfsi_plus_gutenburg_max_per_row":"","footnotes":""},"class_list":["post-6304","page","type-page","status-publish","hentry"],"yoast_head":"<!-- This site is optimized with the Yoast SEO plugin v24.0 - https:\/\/yoast.com\/wordpress\/plugins\/seo\/ -->\n<title>QuickControl - Logystem<\/title>\n<meta name=\"robots\" content=\"index, follow, max-snippet:-1, max-image-preview:large, max-video-preview:-1\" \/>\n<link rel=\"canonical\" href=\"https:\/\/logystem.sindev.ch\/de\/quickcontrol-soft\/\" \/>\n<meta property=\"og:locale\" content=\"de_DE\" \/>\n<meta property=\"og:type\" content=\"article\" \/>\n<meta property=\"og:title\" content=\"QuickControl - Logystem\" \/>\n<meta property=\"og:description\" content=\"[vc_row][vc_column][vc_single_image image=&#8220;5785&#8243; img_size=&#8220;medium&#8220; alignment=&#8220;center&#8220; css=&#8220;.vc_custom_1705397869320{padding-top: 0px !important;padding-right: 0px !important;padding-bottom: 0px !important;padding-left: 0px !important;}&#8220;][\/vc_column][\/vc_row][vc_row][vc_column][vc_empty_space height=&#8220;80px&#8220;][\/vc_column][\/vc_row][vc_row full_width=&#8220;stretch_row_content&#8220; full_height=&#8220;yes&#8220; content_text_aligment=&#8220;center&#8220; simple_background_color=&#8220;#353535&#8243; parallax_background_image=&#8220;4647&#8243; parallax_bg_height=&#8220;400&#8243;][vc_column][\/vc_column][\/vc_row][vc_row][vc_column][\/vc_column][\/vc_row][vc_row][vc_column][vc_empty_space height=&#8220;80px&#8220;][\/vc_column][\/vc_row][vc_row][vc_column][vc_column_text] Die Funktionen von QuickControl &nbsp; Pr\u00fcfplanmanager Mit dem Pr\u00fcfplanmanager k\u00f6nnen Sie Pr\u00fcfpl\u00e4ne erstellen, bearbeiten, validieren, kopieren, drucken, exportieren und importieren. Der Pr\u00fcfplan [&hellip;]\" \/>\n<meta property=\"og:url\" content=\"https:\/\/logystem.sindev.ch\/de\/quickcontrol-soft\/\" \/>\n<meta property=\"og:site_name\" content=\"Logystem\" \/>\n<meta property=\"article:modified_time\" content=\"2024-04-09T15:00:57+00:00\" \/>\n<meta name=\"twitter:card\" content=\"summary_large_image\" \/>\n<meta name=\"twitter:label1\" content=\"Gesch\u00e4tzte Lesezeit\" \/>\n\t<meta name=\"twitter:data1\" content=\"8\u00a0Minuten\" \/>\n<script type=\"application\/ld+json\" class=\"yoast-schema-graph\">{\"@context\":\"https:\/\/schema.org\",\"@graph\":[{\"@type\":\"WebPage\",\"@id\":\"https:\/\/logystem.sindev.ch\/de\/quickcontrol-soft\/\",\"url\":\"https:\/\/logystem.sindev.ch\/de\/quickcontrol-soft\/\",\"name\":\"QuickControl - Logystem\",\"isPartOf\":{\"@id\":\"https:\/\/logystem.sindev.ch\/de\/#website\"},\"datePublished\":\"2024-01-11T14:37:25+00:00\",\"dateModified\":\"2024-04-09T15:00:57+00:00\",\"breadcrumb\":{\"@id\":\"https:\/\/logystem.sindev.ch\/de\/quickcontrol-soft\/#breadcrumb\"},\"inLanguage\":\"de\",\"potentialAction\":[{\"@type\":\"ReadAction\",\"target\":[\"https:\/\/logystem.sindev.ch\/de\/quickcontrol-soft\/\"]}]},{\"@type\":\"BreadcrumbList\",\"@id\":\"https:\/\/logystem.sindev.ch\/de\/quickcontrol-soft\/#breadcrumb\",\"itemListElement\":[{\"@type\":\"ListItem\",\"position\":1,\"name\":\"Accueil\",\"item\":\"https:\/\/logystem.sindev.ch\/de\/\"},{\"@type\":\"ListItem\",\"position\":2,\"name\":\"QuickControl\"}]},{\"@type\":\"WebSite\",\"@id\":\"https:\/\/logystem.sindev.ch\/de\/#website\",\"url\":\"https:\/\/logystem.sindev.ch\/de\/\",\"name\":\"Logystem\",\"description\":\"Votre partenaire qualit\u00e9\",\"publisher\":{\"@id\":\"https:\/\/logystem.sindev.ch\/de\/#organization\"},\"potentialAction\":[{\"@type\":\"SearchAction\",\"target\":{\"@type\":\"EntryPoint\",\"urlTemplate\":\"https:\/\/logystem.sindev.ch\/de\/?s={search_term_string}\"},\"query-input\":{\"@type\":\"PropertyValueSpecification\",\"valueRequired\":true,\"valueName\":\"search_term_string\"}}],\"inLanguage\":\"de\"},{\"@type\":\"Organization\",\"@id\":\"https:\/\/logystem.sindev.ch\/de\/#organization\",\"name\":\"Logystem\",\"url\":\"https:\/\/logystem.sindev.ch\/de\/\",\"logo\":{\"@type\":\"ImageObject\",\"inLanguage\":\"de\",\"@id\":\"https:\/\/logystem.sindev.ch\/de\/#\/schema\/logo\/image\/\",\"url\":\"https:\/\/logystem.ch\/wp-content\/uploads\/2023\/11\/Logo_logystem_DEF_CMYK_200x88mm_600dpi_Original.png\",\"contentUrl\":\"https:\/\/logystem.ch\/wp-content\/uploads\/2023\/11\/Logo_logystem_DEF_CMYK_200x88mm_600dpi_Original.png\",\"width\":600,\"height\":265,\"caption\":\"Logystem\"},\"image\":{\"@id\":\"https:\/\/logystem.sindev.ch\/de\/#\/schema\/logo\/image\/\"}}]}<\/script>\n<!-- \/ Yoast SEO plugin. -->","yoast_head_json":{"title":"QuickControl - Logystem","robots":{"index":"index","follow":"follow","max-snippet":"max-snippet:-1","max-image-preview":"max-image-preview:large","max-video-preview":"max-video-preview:-1"},"canonical":"https:\/\/logystem.sindev.ch\/de\/quickcontrol-soft\/","og_locale":"de_DE","og_type":"article","og_title":"QuickControl - Logystem","og_description":"[vc_row][vc_column][vc_single_image image=&#8220;5785&#8243; img_size=&#8220;medium&#8220; alignment=&#8220;center&#8220; css=&#8220;.vc_custom_1705397869320{padding-top: 0px !important;padding-right: 0px !important;padding-bottom: 0px !important;padding-left: 0px !important;}&#8220;][\/vc_column][\/vc_row][vc_row][vc_column][vc_empty_space height=&#8220;80px&#8220;][\/vc_column][\/vc_row][vc_row full_width=&#8220;stretch_row_content&#8220; full_height=&#8220;yes&#8220; content_text_aligment=&#8220;center&#8220; simple_background_color=&#8220;#353535&#8243; parallax_background_image=&#8220;4647&#8243; parallax_bg_height=&#8220;400&#8243;][vc_column][\/vc_column][\/vc_row][vc_row][vc_column][\/vc_column][\/vc_row][vc_row][vc_column][vc_empty_space height=&#8220;80px&#8220;][\/vc_column][\/vc_row][vc_row][vc_column][vc_column_text] Die Funktionen von QuickControl &nbsp; Pr\u00fcfplanmanager Mit dem Pr\u00fcfplanmanager k\u00f6nnen Sie Pr\u00fcfpl\u00e4ne erstellen, bearbeiten, validieren, kopieren, drucken, exportieren und importieren. Der Pr\u00fcfplan [&hellip;]","og_url":"https:\/\/logystem.sindev.ch\/de\/quickcontrol-soft\/","og_site_name":"Logystem","article_modified_time":"2024-04-09T15:00:57+00:00","twitter_card":"summary_large_image","twitter_misc":{"Gesch\u00e4tzte Lesezeit":"8\u00a0Minuten"},"schema":{"@context":"https:\/\/schema.org","@graph":[{"@type":"WebPage","@id":"https:\/\/logystem.sindev.ch\/de\/quickcontrol-soft\/","url":"https:\/\/logystem.sindev.ch\/de\/quickcontrol-soft\/","name":"QuickControl - Logystem","isPartOf":{"@id":"https:\/\/logystem.sindev.ch\/de\/#website"},"datePublished":"2024-01-11T14:37:25+00:00","dateModified":"2024-04-09T15:00:57+00:00","breadcrumb":{"@id":"https:\/\/logystem.sindev.ch\/de\/quickcontrol-soft\/#breadcrumb"},"inLanguage":"de","potentialAction":[{"@type":"ReadAction","target":["https:\/\/logystem.sindev.ch\/de\/quickcontrol-soft\/"]}]},{"@type":"BreadcrumbList","@id":"https:\/\/logystem.sindev.ch\/de\/quickcontrol-soft\/#breadcrumb","itemListElement":[{"@type":"ListItem","position":1,"name":"Accueil","item":"https:\/\/logystem.sindev.ch\/de\/"},{"@type":"ListItem","position":2,"name":"QuickControl"}]},{"@type":"WebSite","@id":"https:\/\/logystem.sindev.ch\/de\/#website","url":"https:\/\/logystem.sindev.ch\/de\/","name":"Logystem","description":"Votre partenaire qualit\u00e9","publisher":{"@id":"https:\/\/logystem.sindev.ch\/de\/#organization"},"potentialAction":[{"@type":"SearchAction","target":{"@type":"EntryPoint","urlTemplate":"https:\/\/logystem.sindev.ch\/de\/?s={search_term_string}"},"query-input":{"@type":"PropertyValueSpecification","valueRequired":true,"valueName":"search_term_string"}}],"inLanguage":"de"},{"@type":"Organization","@id":"https:\/\/logystem.sindev.ch\/de\/#organization","name":"Logystem","url":"https:\/\/logystem.sindev.ch\/de\/","logo":{"@type":"ImageObject","inLanguage":"de","@id":"https:\/\/logystem.sindev.ch\/de\/#\/schema\/logo\/image\/","url":"https:\/\/logystem.ch\/wp-content\/uploads\/2023\/11\/Logo_logystem_DEF_CMYK_200x88mm_600dpi_Original.png","contentUrl":"https:\/\/logystem.ch\/wp-content\/uploads\/2023\/11\/Logo_logystem_DEF_CMYK_200x88mm_600dpi_Original.png","width":600,"height":265,"caption":"Logystem"},"image":{"@id":"https:\/\/logystem.sindev.ch\/de\/#\/schema\/logo\/image\/"}}]}},"_links":{"self":[{"href":"https:\/\/logystem.sindev.ch\/de\/wp-json\/wp\/v2\/pages\/6304","targetHints":{"allow":["GET"]}}],"collection":[{"href":"https:\/\/logystem.sindev.ch\/de\/wp-json\/wp\/v2\/pages"}],"about":[{"href":"https:\/\/logystem.sindev.ch\/de\/wp-json\/wp\/v2\/types\/page"}],"author":[{"embeddable":true,"href":"https:\/\/logystem.sindev.ch\/de\/wp-json\/wp\/v2\/users\/3"}],"replies":[{"embeddable":true,"href":"https:\/\/logystem.sindev.ch\/de\/wp-json\/wp\/v2\/comments?post=6304"}],"version-history":[{"count":6,"href":"https:\/\/logystem.sindev.ch\/de\/wp-json\/wp\/v2\/pages\/6304\/revisions"}],"predecessor-version":[{"id":6365,"href":"https:\/\/logystem.sindev.ch\/de\/wp-json\/wp\/v2\/pages\/6304\/revisions\/6365"}],"wp:attachment":[{"href":"https:\/\/logystem.sindev.ch\/de\/wp-json\/wp\/v2\/media?parent=6304"}],"curies":[{"name":"wp","href":"https:\/\/api.w.org\/{rel}","templated":true}]}}