{"id":6317,"date":"2024-01-15T16:46:27","date_gmt":"2024-01-15T15:46:27","guid":{"rendered":"http:\/\/logystem.ch\/ncexpert\/"},"modified":"2024-04-09T17:01:41","modified_gmt":"2024-04-09T15:01:41","slug":"ncexpert","status":"publish","type":"page","link":"https:\/\/logystem.sindev.ch\/de\/ncexpert\/","title":{"rendered":"NC&#8217;Expert"},"content":{"rendered":"<div class=\"wpb-content-wrapper\"><p>[vc_row][vc_column][vc_single_image image=&#8220;5784&#8243; img_size=&#8220;medium&#8220; alignment=&#8220;center&#8220;][\/vc_column][\/vc_row][vc_row][vc_column][vc_empty_space height=&#8220;80px&#8220;][\/vc_column][\/vc_row][vc_row full_width=&#8220;stretch_row_content&#8220; full_height=&#8220;yes&#8220; content_text_aligment=&#8220;center&#8220; simple_background_color=&#8220;#353535&#8243; parallax_background_image=&#8220;4646&#8243; parallax_bg_height=&#8220;400&#8243;][vc_column]<div class=\"mkd-elements-holder   mkd-one-column  mkd-responsive-mode-768 \" ><div class=\"mkd-eh-item   mkd-horizontal-alignment-center \"  data-item-class=\"mkd-eh-custom-3147\">\n\n\t<div class=\"mkd-eh-item-inner\">\n\n\t\t<div class=\"mkd-eh-item-content mkd-eh-custom-3147\" >\n\t\t\t[vc_wp_text]<\/p>\n<h4 style=\"text-align: center;\"><span style=\"color: #999999;\">NC&#8217;Expert Pro wird f\u00fcr die Verwaltung und Analyse von Nichtkonformit\u00e4ten sowie f\u00fcr die Verwaltung von Korrektur- und Vorbeugungsma\u00dfnahmen verwendet.<\/span><\/h4>\n<h3 class=\"row-simple_subtitle__aH5SG\" style=\"text-align: center;\"><span style=\"color: #662483;\">NC&#8217;Expert wurde entwickelt, um die Verwaltung Ihrer Nichtkonformit\u00e4ten zu beherrschen.<\/span><\/h3>\n<p>[\/vc_wp_text]\t\t<\/div>\n\n\t<\/div>\n\n    <\/div><\/div>[\/vc_column][\/vc_row][vc_row][vc_column]<div class=\"mkd-elements-holder   mkd-one-column  mkd-responsive-mode-768 \" style=\"background-color: #ffffff\"><div class=\"mkd-eh-item    \" style=\"background-color: #ffffff\" data-item-class=\"mkd-eh-custom-1352\">\n\n\t<div class=\"mkd-eh-item-inner\">\n\n\t\t<div class=\"mkd-eh-item-content mkd-eh-custom-1352\" >\n\t\t\t<div class=\"mkd-single-image-holder   \">\n    <div class=\"mkd-si-inner\" style=\"background-image: url(https:\/\/logystem.sindev.ch\/wp-content\/uploads\/2024\/01\/MMax-Screen.png)\">\n                                    <img loading=\"lazy\" decoding=\"async\" width=\"3010\" height=\"1794\" src=\"https:\/\/logystem.sindev.ch\/wp-content\/uploads\/2024\/01\/MMax-Screen.png\" class=\"attachment-full size-full\" alt=\"\" srcset=\"https:\/\/logystem.sindev.ch\/wp-content\/uploads\/2024\/01\/MMax-Screen.png 3010w, https:\/\/logystem.sindev.ch\/wp-content\/uploads\/2024\/01\/MMax-Screen-300x179.png 300w, https:\/\/logystem.sindev.ch\/wp-content\/uploads\/2024\/01\/MMax-Screen-1024x610.png 1024w, https:\/\/logystem.sindev.ch\/wp-content\/uploads\/2024\/01\/MMax-Screen-768x458.png 768w, https:\/\/logystem.sindev.ch\/wp-content\/uploads\/2024\/01\/MMax-Screen-1536x915.png 1536w\" sizes=\"auto, (max-width: 3010px) 100vw, 3010px\" \/>                        <\/div>\n<\/div>\t\t<\/div>\n\n\t<\/div>\n\n    <\/div><\/div>[\/vc_column][\/vc_row][vc_row][vc_column][vc_empty_space height=&#8220;80px&#8220;][\/vc_column][\/vc_row][vc_row][vc_column][vc_column_text]<\/p>\n<div id=\"idcontent\" class=\"nonscroll\">\n<div id=\"innerdiv\">\n<h2>Die Funktionen von NC&#8217;Expert<\/h2>\n<hr \/>\n<\/div>\n<\/div>\n<p>&nbsp;<\/p>\n<div id=\"idcontent\" class=\"nonscroll\">\n<div id=\"innerdiv\">\n<h4>Der Verwalter<\/h4>\n<p>Der Manager erm\u00f6glicht es, den Prozess der Nichtkonformit\u00e4t zu erstellen und zu verwalten. Er gliedert sich in mehrere Schritte:<\/p>\n<ul>\n<li>Der Umgang mit Nichtkonformit\u00e4ten<\/li>\n<li>Die Verwaltung von Sofortma\u00dfnahmen<\/li>\n<li>Die Verwaltung von Korrektur- und Vorbeugungsma\u00dfnahmen<\/li>\n<li>Der Abschluss<\/li>\n<li style=\"list-style-type: none;\">\n<ul>\n<li style=\"list-style-type: none;\">\n<ul>\n<li style=\"list-style-type: none;\"><\/li>\n<\/ul>\n<\/li>\n<\/ul>\n<\/li>\n<\/ul>\n<h4>Die Nichtkonformit\u00e4ten<\/h4>\n<p>Es gibt 3 Arten von Nichtkonformit\u00e4ten:<\/p>\n<ul>\n<li>Nicht konforme Produkte &#8211; <small><br \/>\n<em>Die nicht konformen Produkte sind direkt mit einem hergestellten Produkt verbunden, sie sind grunds\u00e4tzlich mit einer Kontrolle der <a href=\"https:\/\/ntmsa.ch\/produits\/quickcontrol\/\">QuickControl-Software<\/a> verbunden.<\/em><br \/>\n<\/small><\/li>\n<li>Die Nichtkonformit\u00e4ten Prozess -. <small><br \/>\n<em>Die Standard-Nichtkonformit\u00e4ten erm\u00f6glichen die Verwaltung von Problemen bei allem, was au\u00dferhalb des Produkts liegt und den Herstellungsprozess betrifft (Lieferprobleme beim Kunden, Herstellungsfehler).<\/em><br \/>\n<\/small><\/li>\n<li>Die Nichtkonformit\u00e4t von Systemen -. <small><br \/>\n<em>Die Standard-Nichtkonformit\u00e4ten erm\u00f6glichen es, Probleme mit allem zu behandeln, was au\u00dferhalb des Produkts liegt und das Fertigungssystem betrifft (z. B. Werkzeugbruch oder ein Problem mit einer Maschine).<\/em><br \/>\n<\/small><\/li>\n<li style=\"list-style-type: none;\">\n<ul>\n<li style=\"list-style-type: none;\">\n<ul>\n<li style=\"list-style-type: none;\"><\/li>\n<\/ul>\n<\/li>\n<\/ul>\n<\/li>\n<\/ul>\n<h4>Kataloge<\/h4>\n<p>Integration von Katalogen zur Erstellung von vordefinierten Korrekturma\u00dfnahmen, die es erm\u00f6glichen, sich wiederholende Informationen zu speichern und so die Produktivit\u00e4t bei der Eingabe zu erh\u00f6hen und gleichzeitig von einer standardisierten Syntax zu profitieren.<\/p>\n<h4>Korrektur- und Vorbeugungsma\u00dfnahmen &#8211; ACP<\/h4>\n<p>Das Modul ACP-Validierung erm\u00f6glicht es den Benutzern, die ihnen zugewiesenen Korrekturma\u00dfnahmen einzusehen und zu validieren. Au\u00dferdem l\u00e4sst sich damit ein Arbeitsplan mit den noch durchzuf\u00fchrenden Korrekturma\u00dfnahmen erstellen.<\/p>\n<h4>Mehrere Umgebungen<\/h4>\n<p>NC&#8217;Expert kann lokal auf Ihrem Computer oder in einem Netzwerk in Ihrem Unternehmen eingesetzt werden. Eine Reihe von Tools erm\u00f6glicht es, Systemeinstellungen vorzunehmen und Benutzer zu verwalten.<\/p>\n<\/div>\n<\/div>\n<p>[\/vc_column_text][\/vc_column][\/vc_row][vc_row][vc_column][vc_empty_space height=&#8220;80px&#8220;][\/vc_column][\/vc_row][vc_row full_width=&#8220;stretch_row_content_no_spaces&#8220; content_placement=&#8220;middle&#8220; content_text_aligment=&#8220;center&#8220;][vc_column]<a itemprop=\"url\" href=\"\/de\/contact-us\/\" target=\"_self\"  class=\"mkd-btn mkd-btn-full-width mkd-btn-solid mkd-btn-custom-hover-bg mkd-btn-custom-border-hover\" >\n    <span class=\"mkd-btn-text\" style=\"font-size: 60px;font-family: Oswald;letter-spacing: 0;height: 200px\" data-hover-bg-color=\"#662483\" data-hover-border-color=\"#662483\">Kontaktieren Sie uns!<\/span>\n    <span class=\"mkd-btn-icon\" ><\/span>\n<\/a>[\/vc_column][\/vc_row]<\/p>\n<\/div>","protected":false},"excerpt":{"rendered":"<p>[vc_row][vc_column][vc_single_image image=&#8220;5784&#8243; img_size=&#8220;medium&#8220; alignment=&#8220;center&#8220;][\/vc_column][\/vc_row][vc_row][vc_column][vc_empty_space height=&#8220;80px&#8220;][\/vc_column][\/vc_row][vc_row full_width=&#8220;stretch_row_content&#8220; full_height=&#8220;yes&#8220; content_text_aligment=&#8220;center&#8220; simple_background_color=&#8220;#353535&#8243; parallax_background_image=&#8220;4646&#8243; parallax_bg_height=&#8220;400&#8243;][vc_column][\/vc_column][\/vc_row][vc_row][vc_column][\/vc_column][\/vc_row][vc_row][vc_column][vc_empty_space height=&#8220;80px&#8220;][\/vc_column][\/vc_row][vc_row][vc_column][vc_column_text] Die Funktionen von NC&#8217;Expert &nbsp; Der Verwalter Der Manager erm\u00f6glicht es, den Prozess der Nichtkonformit\u00e4t zu erstellen und zu verwalten. Er gliedert sich in mehrere Schritte: Der Umgang mit Nichtkonformit\u00e4ten Die [&hellip;]<\/p>\n","protected":false},"author":3,"featured_media":0,"parent":0,"menu_order":0,"comment_status":"closed","ping_status":"open","template":"","meta":{"sfsi_plus_gutenberg_text_before_share":"","sfsi_plus_gutenberg_show_text_before_share":"","sfsi_plus_gutenberg_icon_type":"","sfsi_plus_gutenberg_icon_alignemt":"","sfsi_plus_gutenburg_max_per_row":"","footnotes":""},"class_list":["post-6317","page","type-page","status-publish","hentry"],"yoast_head":"<!-- This site is optimized with the Yoast SEO plugin v24.0 - https:\/\/yoast.com\/wordpress\/plugins\/seo\/ -->\n<title>NC&#039;Expert - Logystem<\/title>\n<meta name=\"robots\" content=\"index, follow, max-snippet:-1, max-image-preview:large, max-video-preview:-1\" \/>\n<link rel=\"canonical\" href=\"https:\/\/logystem.sindev.ch\/de\/ncexpert\/\" \/>\n<meta property=\"og:locale\" content=\"de_DE\" \/>\n<meta property=\"og:type\" content=\"article\" \/>\n<meta property=\"og:title\" content=\"NC&#039;Expert - Logystem\" \/>\n<meta property=\"og:description\" content=\"[vc_row][vc_column][vc_single_image image=&#8220;5784&#8243; img_size=&#8220;medium&#8220; alignment=&#8220;center&#8220;][\/vc_column][\/vc_row][vc_row][vc_column][vc_empty_space height=&#8220;80px&#8220;][\/vc_column][\/vc_row][vc_row full_width=&#8220;stretch_row_content&#8220; full_height=&#8220;yes&#8220; content_text_aligment=&#8220;center&#8220; simple_background_color=&#8220;#353535&#8243; parallax_background_image=&#8220;4646&#8243; parallax_bg_height=&#8220;400&#8243;][vc_column][\/vc_column][\/vc_row][vc_row][vc_column][\/vc_column][\/vc_row][vc_row][vc_column][vc_empty_space height=&#8220;80px&#8220;][\/vc_column][\/vc_row][vc_row][vc_column][vc_column_text] Die Funktionen von NC&#8217;Expert &nbsp; Der Verwalter Der Manager erm\u00f6glicht es, den Prozess der Nichtkonformit\u00e4t zu erstellen und zu verwalten. Er gliedert sich in mehrere Schritte: Der Umgang mit Nichtkonformit\u00e4ten Die [&hellip;]\" \/>\n<meta property=\"og:url\" content=\"https:\/\/logystem.sindev.ch\/de\/ncexpert\/\" \/>\n<meta property=\"og:site_name\" content=\"Logystem\" \/>\n<meta property=\"article:modified_time\" content=\"2024-04-09T15:01:41+00:00\" \/>\n<meta name=\"twitter:card\" content=\"summary_large_image\" \/>\n<meta name=\"twitter:label1\" content=\"Gesch\u00e4tzte Lesezeit\" \/>\n\t<meta name=\"twitter:data1\" content=\"3\u00a0Minuten\" \/>\n<script type=\"application\/ld+json\" class=\"yoast-schema-graph\">{\"@context\":\"https:\/\/schema.org\",\"@graph\":[{\"@type\":\"WebPage\",\"@id\":\"https:\/\/logystem.sindev.ch\/de\/ncexpert\/\",\"url\":\"https:\/\/logystem.sindev.ch\/de\/ncexpert\/\",\"name\":\"NC'Expert - Logystem\",\"isPartOf\":{\"@id\":\"https:\/\/logystem.sindev.ch\/de\/#website\"},\"datePublished\":\"2024-01-15T15:46:27+00:00\",\"dateModified\":\"2024-04-09T15:01:41+00:00\",\"breadcrumb\":{\"@id\":\"https:\/\/logystem.sindev.ch\/de\/ncexpert\/#breadcrumb\"},\"inLanguage\":\"de\",\"potentialAction\":[{\"@type\":\"ReadAction\",\"target\":[\"https:\/\/logystem.sindev.ch\/de\/ncexpert\/\"]}]},{\"@type\":\"BreadcrumbList\",\"@id\":\"https:\/\/logystem.sindev.ch\/de\/ncexpert\/#breadcrumb\",\"itemListElement\":[{\"@type\":\"ListItem\",\"position\":1,\"name\":\"Accueil\",\"item\":\"https:\/\/logystem.sindev.ch\/de\/\"},{\"@type\":\"ListItem\",\"position\":2,\"name\":\"NC&rsquo;Expert\"}]},{\"@type\":\"WebSite\",\"@id\":\"https:\/\/logystem.sindev.ch\/de\/#website\",\"url\":\"https:\/\/logystem.sindev.ch\/de\/\",\"name\":\"Logystem\",\"description\":\"Votre partenaire qualit\u00e9\",\"publisher\":{\"@id\":\"https:\/\/logystem.sindev.ch\/de\/#organization\"},\"potentialAction\":[{\"@type\":\"SearchAction\",\"target\":{\"@type\":\"EntryPoint\",\"urlTemplate\":\"https:\/\/logystem.sindev.ch\/de\/?s={search_term_string}\"},\"query-input\":{\"@type\":\"PropertyValueSpecification\",\"valueRequired\":true,\"valueName\":\"search_term_string\"}}],\"inLanguage\":\"de\"},{\"@type\":\"Organization\",\"@id\":\"https:\/\/logystem.sindev.ch\/de\/#organization\",\"name\":\"Logystem\",\"url\":\"https:\/\/logystem.sindev.ch\/de\/\",\"logo\":{\"@type\":\"ImageObject\",\"inLanguage\":\"de\",\"@id\":\"https:\/\/logystem.sindev.ch\/de\/#\/schema\/logo\/image\/\",\"url\":\"https:\/\/logystem.ch\/wp-content\/uploads\/2023\/11\/Logo_logystem_DEF_CMYK_200x88mm_600dpi_Original.png\",\"contentUrl\":\"https:\/\/logystem.ch\/wp-content\/uploads\/2023\/11\/Logo_logystem_DEF_CMYK_200x88mm_600dpi_Original.png\",\"width\":600,\"height\":265,\"caption\":\"Logystem\"},\"image\":{\"@id\":\"https:\/\/logystem.sindev.ch\/de\/#\/schema\/logo\/image\/\"}}]}<\/script>\n<!-- \/ Yoast SEO plugin. -->","yoast_head_json":{"title":"NC'Expert - Logystem","robots":{"index":"index","follow":"follow","max-snippet":"max-snippet:-1","max-image-preview":"max-image-preview:large","max-video-preview":"max-video-preview:-1"},"canonical":"https:\/\/logystem.sindev.ch\/de\/ncexpert\/","og_locale":"de_DE","og_type":"article","og_title":"NC'Expert - Logystem","og_description":"[vc_row][vc_column][vc_single_image image=&#8220;5784&#8243; img_size=&#8220;medium&#8220; alignment=&#8220;center&#8220;][\/vc_column][\/vc_row][vc_row][vc_column][vc_empty_space height=&#8220;80px&#8220;][\/vc_column][\/vc_row][vc_row full_width=&#8220;stretch_row_content&#8220; full_height=&#8220;yes&#8220; content_text_aligment=&#8220;center&#8220; simple_background_color=&#8220;#353535&#8243; parallax_background_image=&#8220;4646&#8243; parallax_bg_height=&#8220;400&#8243;][vc_column][\/vc_column][\/vc_row][vc_row][vc_column][\/vc_column][\/vc_row][vc_row][vc_column][vc_empty_space height=&#8220;80px&#8220;][\/vc_column][\/vc_row][vc_row][vc_column][vc_column_text] Die Funktionen von NC&#8217;Expert &nbsp; Der Verwalter Der Manager erm\u00f6glicht es, den Prozess der Nichtkonformit\u00e4t zu erstellen und zu verwalten. Er gliedert sich in mehrere Schritte: Der Umgang mit Nichtkonformit\u00e4ten Die [&hellip;]","og_url":"https:\/\/logystem.sindev.ch\/de\/ncexpert\/","og_site_name":"Logystem","article_modified_time":"2024-04-09T15:01:41+00:00","twitter_card":"summary_large_image","twitter_misc":{"Gesch\u00e4tzte Lesezeit":"3\u00a0Minuten"},"schema":{"@context":"https:\/\/schema.org","@graph":[{"@type":"WebPage","@id":"https:\/\/logystem.sindev.ch\/de\/ncexpert\/","url":"https:\/\/logystem.sindev.ch\/de\/ncexpert\/","name":"NC'Expert - Logystem","isPartOf":{"@id":"https:\/\/logystem.sindev.ch\/de\/#website"},"datePublished":"2024-01-15T15:46:27+00:00","dateModified":"2024-04-09T15:01:41+00:00","breadcrumb":{"@id":"https:\/\/logystem.sindev.ch\/de\/ncexpert\/#breadcrumb"},"inLanguage":"de","potentialAction":[{"@type":"ReadAction","target":["https:\/\/logystem.sindev.ch\/de\/ncexpert\/"]}]},{"@type":"BreadcrumbList","@id":"https:\/\/logystem.sindev.ch\/de\/ncexpert\/#breadcrumb","itemListElement":[{"@type":"ListItem","position":1,"name":"Accueil","item":"https:\/\/logystem.sindev.ch\/de\/"},{"@type":"ListItem","position":2,"name":"NC&rsquo;Expert"}]},{"@type":"WebSite","@id":"https:\/\/logystem.sindev.ch\/de\/#website","url":"https:\/\/logystem.sindev.ch\/de\/","name":"Logystem","description":"Votre partenaire qualit\u00e9","publisher":{"@id":"https:\/\/logystem.sindev.ch\/de\/#organization"},"potentialAction":[{"@type":"SearchAction","target":{"@type":"EntryPoint","urlTemplate":"https:\/\/logystem.sindev.ch\/de\/?s={search_term_string}"},"query-input":{"@type":"PropertyValueSpecification","valueRequired":true,"valueName":"search_term_string"}}],"inLanguage":"de"},{"@type":"Organization","@id":"https:\/\/logystem.sindev.ch\/de\/#organization","name":"Logystem","url":"https:\/\/logystem.sindev.ch\/de\/","logo":{"@type":"ImageObject","inLanguage":"de","@id":"https:\/\/logystem.sindev.ch\/de\/#\/schema\/logo\/image\/","url":"https:\/\/logystem.ch\/wp-content\/uploads\/2023\/11\/Logo_logystem_DEF_CMYK_200x88mm_600dpi_Original.png","contentUrl":"https:\/\/logystem.ch\/wp-content\/uploads\/2023\/11\/Logo_logystem_DEF_CMYK_200x88mm_600dpi_Original.png","width":600,"height":265,"caption":"Logystem"},"image":{"@id":"https:\/\/logystem.sindev.ch\/de\/#\/schema\/logo\/image\/"}}]}},"_links":{"self":[{"href":"https:\/\/logystem.sindev.ch\/de\/wp-json\/wp\/v2\/pages\/6317","targetHints":{"allow":["GET"]}}],"collection":[{"href":"https:\/\/logystem.sindev.ch\/de\/wp-json\/wp\/v2\/pages"}],"about":[{"href":"https:\/\/logystem.sindev.ch\/de\/wp-json\/wp\/v2\/types\/page"}],"author":[{"embeddable":true,"href":"https:\/\/logystem.sindev.ch\/de\/wp-json\/wp\/v2\/users\/3"}],"replies":[{"embeddable":true,"href":"https:\/\/logystem.sindev.ch\/de\/wp-json\/wp\/v2\/comments?post=6317"}],"version-history":[{"count":6,"href":"https:\/\/logystem.sindev.ch\/de\/wp-json\/wp\/v2\/pages\/6317\/revisions"}],"predecessor-version":[{"id":6367,"href":"https:\/\/logystem.sindev.ch\/de\/wp-json\/wp\/v2\/pages\/6317\/revisions\/6367"}],"wp:attachment":[{"href":"https:\/\/logystem.sindev.ch\/de\/wp-json\/wp\/v2\/media?parent=6317"}],"curies":[{"name":"wp","href":"https:\/\/api.w.org\/{rel}","templated":true}]}}