{"id":6376,"date":"2024-01-29T16:26:27","date_gmt":"2024-01-29T15:26:27","guid":{"rendered":"http:\/\/logystem.ch\/sylvac\/"},"modified":"2024-08-26T18:16:40","modified_gmt":"2024-08-26T16:16:40","slug":"sylvac","status":"publish","type":"page","link":"https:\/\/logystem.sindev.ch\/de\/sylvac\/","title":{"rendered":"Sylvac"},"content":{"rendered":"<div class=\"wpb-content-wrapper\"><p>[vc_row full_width=&#8220;stretch_row&#8220; simple_background_color=&#8220;#2e3338&#8243;][vc_column]<div class=\"mkd-elements-holder   mkd-one-column  mkd-responsive-mode-768 \" style=\"background-color: #1c2124\"><div class=\"mkd-eh-item   mkd-horizontal-alignment-center \" style=\"background-image: url(https:\/\/logystem.sindev.ch\/wp-content\/uploads\/2024\/04\/Sylvac.png)\" data-item-class=\"mkd-eh-custom-7033\">\n\n\t<div class=\"mkd-eh-item-inner\">\n\n\t\t<div class=\"mkd-eh-item-content mkd-eh-custom-7033\" style=\"padding: 150px 25%\">\n\t\t\t[vc_single_image image=&#8220;5791&#8243; img_size=&#8220;full&#8220; alignment=&#8220;center&#8220;]\t\t<\/div>\n\n\t<\/div>\n\n    <\/div><\/div><div class=\"mkd-elements-holder   mkd-one-column  mkd-responsive-mode-768 \" ><div class=\"mkd-eh-item   mkd-horizontal-alignment-center \" style=\"background-image: url()\" data-item-class=\"mkd-eh-custom-8087\">\n\n\t<div class=\"mkd-eh-item-inner\">\n\n\t\t<div class=\"mkd-eh-item-content mkd-eh-custom-8087\" style=\"padding: 120px 25% 120px 25%\">\n\t\t\t[vc_wp_text]<\/p>\n<p class=\"row-simple_text__NwpI_\" style=\"text-align: center;\">Sylvac bietet eine breite Palette von Messger\u00e4ten an, die f\u00fcr verschiedene Industriezweige geeignet sind. Ihre Erfahrung erm\u00f6glicht es uns, f\u00fcr jede Anfrage spezifische und genaue L\u00f6sungen anzubieten. Ihr Engagement f\u00fcr Innovationen garantiert zuverl\u00e4ssige und langlebige Produkte, die den h\u00f6chsten Qualit\u00e4tsstandards entsprechen.<\/p>\n<h3 class=\"row-simple_text__NwpI_\" style=\"text-align: center;\"><span style=\"color: #fec52b;\">Mit Sylvac bieten wir ma\u00dfgeschneiderte L\u00f6sungen f\u00fcr Ihren Bedarf, unabh\u00e4ngig von ihrem Anwendungsbereich.<\/span><\/h3>\n<p>[\/vc_wp_text]\t\t<\/div>\n\n\t<\/div>\n\n    <\/div><\/div>[\/vc_column][\/vc_row][vc_row][vc_column]<div class=\"mkd-elements-holder   mkd-one-column  mkd-responsive-mode-768 \" style=\"background-color: #ffffff\"><div class=\"mkd-eh-item    \" style=\"background-color: #f4f4f4\" data-item-class=\"mkd-eh-custom-4445\">\n\n\t<div class=\"mkd-eh-item-inner\">\n\n\t\t<div class=\"mkd-eh-item-content mkd-eh-custom-4445\" >\n\t\t\t[vc_single_image image=&#8220;5821&#8243; img_size=&#8220;large&#8220; alignment=&#8220;center&#8220;]\t\t<\/div>\n\n\t<\/div>\n\n    <\/div><\/div>[\/vc_column][\/vc_row][vc_row][vc_column][vc_separator][\/vc_column][\/vc_row][vc_row][vc_column]<div class=\"mkd-elements-holder   mkd-one-column  mkd-responsive-mode-768 \" style=\"background-color: #ffffff\"><div class=\"mkd-eh-item    \" style=\"background-color: #f4f4f4\" data-item-class=\"mkd-eh-custom-8924\">\n\n\t<div class=\"mkd-eh-item-inner\">\n\n\t\t<div class=\"mkd-eh-item-content mkd-eh-custom-8924\" >\n\t\t\t[vc_single_image image=&#8220;5820&#8243; img_size=&#8220;large&#8220; alignment=&#8220;center&#8220;]\t\t<\/div>\n\n\t<\/div>\n\n    <\/div><\/div>[\/vc_column][\/vc_row][vc_row][vc_column]<div class=\"mkd-elements-holder   mkd-one-column  mkd-responsive-mode-768 \" style=\"background-color: #ffffff\"><div class=\"mkd-eh-item    \" style=\"background-color: #f4f4f4\" data-item-class=\"mkd-eh-custom-3028\">\n\n\t<div class=\"mkd-eh-item-inner\">\n\n\t\t<div class=\"mkd-eh-item-content mkd-eh-custom-3028\" >\n\t\t\t[vc_video link=&#8220;https:\/\/www.youtube.com\/watch?v=c4AJp8uJi_w&#8220;]\t\t<\/div>\n\n\t<\/div>\n\n    <\/div><\/div>[\/vc_column][\/vc_row][vc_row][vc_column][vc_empty_space height=&#8220;80px&#8220;][\/vc_column][\/vc_row][vc_row][vc_column][vc_empty_space height=&#8220;50px&#8220;][\/vc_column][\/vc_row][vc_row][vc_column][vc_column_text]<\/p>\n<h2 style=\"text-align: center;\"><span style=\"color: #fec52b;\">Spektrum an Instrumenten<\/span><\/h2>\n<p>[\/vc_column_text][\/vc_column][\/vc_row][vc_row][vc_column][vc_empty_space height=&#8220;50px&#8220;][\/vc_column][\/vc_row][vc_row][vc_column width=&#8220;1\/3&#8243;]<div class=\"mkd-elements-holder   mkd-one-column  mkd-responsive-mode-768 \" ><div class=\"mkd-eh-item    \"  data-item-class=\"mkd-eh-custom-5030\">\n\n\t<div class=\"mkd-eh-item-inner\">\n\n\t\t<div class=\"mkd-eh-item-content mkd-eh-custom-5030\" >\n\t\t\t<div class=\"mkd-iwt clearfix  mkd-iwt-icon-top mkd-iwt-icon-small\">\n\t<div class=\"mkd-iwt-icon\">\n\t\t\t\t\t\t\t\t\t<img loading=\"lazy\" decoding=\"async\" width=\"88\" height=\"32\" src=\"https:\/\/logystem.sindev.ch\/wp-content\/uploads\/2024\/01\/PAC.png\" class=\"attachment-full size-full\" alt=\"\" \/>\t\t\t\t\t\t<\/div>\n\t<div class=\"mkd-iwt-content\" >\n\t\t\t\t\t<h4 class=\"mkd-iwt-title\" >\n\t\t\t\t\t\t\t\t<span class=\"mkd-iwt-title-text\">Messschieber<\/span>\n\t\t\t\t\t\t\t<\/h4>\n\t\t\t\t\t<\/div>\n<\/div>\t\t<\/div>\n\n\t<\/div>\n\n    <\/div><\/div>[\/vc_column][vc_column width=&#8220;1\/3&#8243;]<div class=\"mkd-elements-holder   mkd-one-column  mkd-responsive-mode-768 \" ><div class=\"mkd-eh-item    \"  data-item-class=\"mkd-eh-custom-2043\">\n\n\t<div class=\"mkd-eh-item-inner\">\n\n\t\t<div class=\"mkd-eh-item-content mkd-eh-custom-2043\" >\n\t\t\t<div class=\"mkd-iwt clearfix  mkd-iwt-icon-top mkd-iwt-icon-small\">\n\t<div class=\"mkd-iwt-icon\">\n\t\t\t\t\t\t\t\t\t<img loading=\"lazy\" decoding=\"async\" width=\"67\" height=\"25\" src=\"https:\/\/logystem.sindev.ch\/wp-content\/uploads\/2024\/01\/Micrometre.png\" class=\"attachment-full size-full\" alt=\"\" \/>\t\t\t\t\t\t<\/div>\n\t<div class=\"mkd-iwt-content\" >\n\t\t\t\t\t<h4 class=\"mkd-iwt-title\" >\n\t\t\t\t\t\t\t\t<span class=\"mkd-iwt-title-text\">Mikrometer<\/span>\n\t\t\t\t\t\t\t<\/h4>\n\t\t\t\t\t<\/div>\n<\/div>\t\t<\/div>\n\n\t<\/div>\n\n    <\/div><\/div>[\/vc_column][vc_column width=&#8220;1\/3&#8243;]<div class=\"mkd-elements-holder   mkd-one-column  mkd-responsive-mode-768 \" ><div class=\"mkd-eh-item    \"  data-item-class=\"mkd-eh-custom-4515\">\n\n\t<div class=\"mkd-eh-item-inner\">\n\n\t\t<div class=\"mkd-eh-item-content mkd-eh-custom-4515\" >\n\t\t\t<div class=\"mkd-iwt clearfix  mkd-iwt-icon-top mkd-iwt-icon-small\">\n\t<div class=\"mkd-iwt-icon\">\n\t\t\t\t\t\t\t\t\t<img loading=\"lazy\" decoding=\"async\" width=\"28\" height=\"60\" src=\"https:\/\/logystem.sindev.ch\/wp-content\/uploads\/2024\/01\/Comp.png\" class=\"attachment-full size-full\" alt=\"\" \/>\t\t\t\t\t\t<\/div>\n\t<div class=\"mkd-iwt-content\" >\n\t\t\t\t\t<h4 class=\"mkd-iwt-title\" >\n\t\t\t\t\t\t\t\t<span class=\"mkd-iwt-title-text\">Messuhren<\/span>\n\t\t\t\t\t\t\t<\/h4>\n\t\t\t\t\t<\/div>\n<\/div>\t\t<\/div>\n\n\t<\/div>\n\n    <\/div><\/div>[\/vc_column][\/vc_row][vc_row][vc_column][vc_empty_space height=&#8220;40px&#8220;][\/vc_column][\/vc_row][vc_row][vc_column width=&#8220;1\/3&#8243;]<div class=\"mkd-elements-holder   mkd-one-column  mkd-responsive-mode-768 \" ><div class=\"mkd-eh-item    \"  data-item-class=\"mkd-eh-custom-6034\">\n\n\t<div class=\"mkd-eh-item-inner\">\n\n\t\t<div class=\"mkd-eh-item-content mkd-eh-custom-6034\" >\n\t\t\t<div class=\"mkd-iwt clearfix  mkd-iwt-icon-top mkd-iwt-icon-small\">\n\t<div class=\"mkd-iwt-icon\">\n\t\t\t\t\t\t\t\t\t<img loading=\"lazy\" decoding=\"async\" width=\"62\" height=\"42\" src=\"https:\/\/logystem.sindev.ch\/wp-content\/uploads\/2024\/01\/Palp.png\" class=\"attachment-full size-full\" alt=\"\" \/>\t\t\t\t\t\t<\/div>\n\t<div class=\"mkd-iwt-content\" >\n\t\t\t\t\t<h4 class=\"mkd-iwt-title\" >\n\t\t\t\t\t\t\t\t<span class=\"mkd-iwt-title-text\">Messtaster und Anzeige<\/span>\n\t\t\t\t\t\t\t<\/h4>\n\t\t\t\t\t<\/div>\n<\/div>\t\t<\/div>\n\n\t<\/div>\n\n    <\/div><\/div>[\/vc_column][vc_column width=&#8220;1\/3&#8243;]<div class=\"mkd-elements-holder   mkd-one-column  mkd-responsive-mode-768 \" ><div class=\"mkd-eh-item    \"  data-item-class=\"mkd-eh-custom-1584\">\n\n\t<div class=\"mkd-eh-item-inner\">\n\n\t\t<div class=\"mkd-eh-item-content mkd-eh-custom-1584\" >\n\t\t\t<div class=\"mkd-iwt clearfix  mkd-iwt-icon-top mkd-iwt-icon-small\">\n\t<div class=\"mkd-iwt-icon\">\n\t\t\t\t\t\t\t\t\t<img loading=\"lazy\" decoding=\"async\" width=\"84\" height=\"27\" src=\"https:\/\/logystem.sindev.ch\/wp-content\/uploads\/2024\/01\/Banc.png\" class=\"attachment-full size-full\" alt=\"\" \/>\t\t\t\t\t\t<\/div>\n\t<div class=\"mkd-iwt-content\" >\n\t\t\t\t\t<h4 class=\"mkd-iwt-title\" >\n\t\t\t\t\t\t\t\t<span class=\"mkd-iwt-title-text\">Messb\u00e4nke<\/span>\n\t\t\t\t\t\t\t<\/h4>\n\t\t\t\t\t<\/div>\n<\/div>\t\t<\/div>\n\n\t<\/div>\n\n    <\/div><\/div>[\/vc_column][vc_column width=&#8220;1\/3&#8243;]<div class=\"mkd-elements-holder   mkd-one-column  mkd-responsive-mode-768 \" ><div class=\"mkd-eh-item    \"  data-item-class=\"mkd-eh-custom-7980\">\n\n\t<div class=\"mkd-eh-item-inner\">\n\n\t\t<div class=\"mkd-eh-item-content mkd-eh-custom-7980\" >\n\t\t\t<div class=\"mkd-iwt clearfix  mkd-iwt-icon-top mkd-iwt-icon-small\">\n\t<div class=\"mkd-iwt-icon\">\n\t\t\t\t\t\t\t\t\t<img loading=\"lazy\" decoding=\"async\" width=\"58\" height=\"36\" src=\"https:\/\/logystem.sindev.ch\/wp-content\/uploads\/2024\/01\/Int.png\" class=\"attachment-full size-full\" alt=\"\" \/>\t\t\t\t\t\t<\/div>\n\t<div class=\"mkd-iwt-content\" >\n\t\t\t\t\t<h4 class=\"mkd-iwt-title\" >\n\t\t\t\t\t\t\t\t<span class=\"mkd-iwt-title-text\">Innenmessschrauben<\/span>\n\t\t\t\t\t\t\t<\/h4>\n\t\t\t\t\t<\/div>\n<\/div>\t\t<\/div>\n\n\t<\/div>\n\n    <\/div><\/div>[\/vc_column][\/vc_row][vc_row][vc_column][vc_empty_space height=&#8220;80px&#8220;][\/vc_column][\/vc_row][vc_row full_width=&#8220;stretch_row_content_no_spaces&#8220; content_placement=&#8220;middle&#8220; content_text_aligment=&#8220;center&#8220;][vc_column]<a itemprop=\"url\" href=\"http:\/\/shop.logystem.ch\" target=\"_self\"  class=\"mkd-btn mkd-btn-full-width mkd-btn-solid mkd-btn-custom-hover-bg mkd-btn-custom-border-hover\" >\n    <span class=\"mkd-btn-text\" style=\"font-size: 60px;font-family: Oswald;letter-spacing: 0;height: 200px\" data-hover-bg-color=\"#fec52b\" data-hover-border-color=\"#fec52b\">Mehr erfahren<\/span>\n    <span class=\"mkd-btn-icon\" ><\/span>\n<\/a>[\/vc_column][\/vc_row]<\/p>\n<\/div>","protected":false},"excerpt":{"rendered":"<p>[vc_row full_width=&#8220;stretch_row&#8220; simple_background_color=&#8220;#2e3338&#8243;][vc_column][\/vc_column][\/vc_row][vc_row][vc_column][\/vc_column][\/vc_row][vc_row][vc_column][vc_separator][\/vc_column][\/vc_row][vc_row][vc_column][\/vc_column][\/vc_row][vc_row][vc_column][\/vc_column][\/vc_row][vc_row][vc_column][vc_empty_space height=&#8220;80px&#8220;][\/vc_column][\/vc_row][vc_row][vc_column][vc_empty_space height=&#8220;50px&#8220;][\/vc_column][\/vc_row][vc_row][vc_column][vc_column_text] Spektrum an Instrumenten [\/vc_column_text][\/vc_column][\/vc_row][vc_row][vc_column][vc_empty_space height=&#8220;50px&#8220;][\/vc_column][\/vc_row][vc_row][vc_column width=&#8220;1\/3&#8243;][\/vc_column][vc_column width=&#8220;1\/3&#8243;][\/vc_column][vc_column width=&#8220;1\/3&#8243;][\/vc_column][\/vc_row][vc_row][vc_column][vc_empty_space height=&#8220;40px&#8220;][\/vc_column][\/vc_row][vc_row][vc_column width=&#8220;1\/3&#8243;][\/vc_column][vc_column width=&#8220;1\/3&#8243;][\/vc_column][vc_column width=&#8220;1\/3&#8243;][\/vc_column][\/vc_row][vc_row][vc_column][vc_empty_space height=&#8220;80px&#8220;][\/vc_column][\/vc_row][vc_row full_width=&#8220;stretch_row_content_no_spaces&#8220; content_placement=&#8220;middle&#8220; content_text_aligment=&#8220;center&#8220;][vc_column][\/vc_column][\/vc_row]<\/p>\n","protected":false},"author":3,"featured_media":0,"parent":0,"menu_order":0,"comment_status":"closed","ping_status":"open","template":"","meta":{"sfsi_plus_gutenberg_text_before_share":"","sfsi_plus_gutenberg_show_text_before_share":"","sfsi_plus_gutenberg_icon_type":"","sfsi_plus_gutenberg_icon_alignemt":"","sfsi_plus_gutenburg_max_per_row":"","footnotes":""},"class_list":["post-6376","page","type-page","status-publish","hentry"],"yoast_head":"<!-- This site is optimized with the Yoast SEO plugin v24.0 - https:\/\/yoast.com\/wordpress\/plugins\/seo\/ -->\n<title>Sylvac - Logystem<\/title>\n<meta name=\"robots\" content=\"index, follow, max-snippet:-1, max-image-preview:large, max-video-preview:-1\" \/>\n<link rel=\"canonical\" href=\"https:\/\/logystem.sindev.ch\/de\/sylvac\/\" \/>\n<meta property=\"og:locale\" content=\"de_DE\" \/>\n<meta property=\"og:type\" content=\"article\" \/>\n<meta property=\"og:title\" content=\"Sylvac - Logystem\" \/>\n<meta property=\"og:description\" content=\"[vc_row full_width=&#8220;stretch_row&#8220; simple_background_color=&#8220;#2e3338&#8243;][vc_column][\/vc_column][\/vc_row][vc_row][vc_column][\/vc_column][\/vc_row][vc_row][vc_column][vc_separator][\/vc_column][\/vc_row][vc_row][vc_column][\/vc_column][\/vc_row][vc_row][vc_column][\/vc_column][\/vc_row][vc_row][vc_column][vc_empty_space height=&#8220;80px&#8220;][\/vc_column][\/vc_row][vc_row][vc_column][vc_empty_space height=&#8220;50px&#8220;][\/vc_column][\/vc_row][vc_row][vc_column][vc_column_text] Spektrum an Instrumenten [\/vc_column_text][\/vc_column][\/vc_row][vc_row][vc_column][vc_empty_space height=&#8220;50px&#8220;][\/vc_column][\/vc_row][vc_row][vc_column width=&#8220;1\/3&#8243;][\/vc_column][vc_column width=&#8220;1\/3&#8243;][\/vc_column][vc_column width=&#8220;1\/3&#8243;][\/vc_column][\/vc_row][vc_row][vc_column][vc_empty_space height=&#8220;40px&#8220;][\/vc_column][\/vc_row][vc_row][vc_column width=&#8220;1\/3&#8243;][\/vc_column][vc_column width=&#8220;1\/3&#8243;][\/vc_column][vc_column width=&#8220;1\/3&#8243;][\/vc_column][\/vc_row][vc_row][vc_column][vc_empty_space height=&#8220;80px&#8220;][\/vc_column][\/vc_row][vc_row full_width=&#8220;stretch_row_content_no_spaces&#8220; content_placement=&#8220;middle&#8220; content_text_aligment=&#8220;center&#8220;][vc_column][\/vc_column][\/vc_row]\" \/>\n<meta property=\"og:url\" content=\"https:\/\/logystem.sindev.ch\/de\/sylvac\/\" \/>\n<meta property=\"og:site_name\" content=\"Logystem\" \/>\n<meta property=\"article:modified_time\" content=\"2024-08-26T16:16:40+00:00\" \/>\n<meta name=\"twitter:card\" content=\"summary_large_image\" \/>\n<meta name=\"twitter:label1\" content=\"Gesch\u00e4tzte Lesezeit\" \/>\n\t<meta name=\"twitter:data1\" content=\"2\u00a0Minuten\" \/>\n<script type=\"application\/ld+json\" class=\"yoast-schema-graph\">{\"@context\":\"https:\/\/schema.org\",\"@graph\":[{\"@type\":\"WebPage\",\"@id\":\"https:\/\/logystem.sindev.ch\/de\/sylvac\/\",\"url\":\"https:\/\/logystem.sindev.ch\/de\/sylvac\/\",\"name\":\"Sylvac - Logystem\",\"isPartOf\":{\"@id\":\"https:\/\/logystem.sindev.ch\/de\/#website\"},\"datePublished\":\"2024-01-29T15:26:27+00:00\",\"dateModified\":\"2024-08-26T16:16:40+00:00\",\"breadcrumb\":{\"@id\":\"https:\/\/logystem.sindev.ch\/de\/sylvac\/#breadcrumb\"},\"inLanguage\":\"de\",\"potentialAction\":[{\"@type\":\"ReadAction\",\"target\":[\"https:\/\/logystem.sindev.ch\/de\/sylvac\/\"]}]},{\"@type\":\"BreadcrumbList\",\"@id\":\"https:\/\/logystem.sindev.ch\/de\/sylvac\/#breadcrumb\",\"itemListElement\":[{\"@type\":\"ListItem\",\"position\":1,\"name\":\"Accueil\",\"item\":\"https:\/\/logystem.sindev.ch\/de\/\"},{\"@type\":\"ListItem\",\"position\":2,\"name\":\"Sylvac\"}]},{\"@type\":\"WebSite\",\"@id\":\"https:\/\/logystem.sindev.ch\/de\/#website\",\"url\":\"https:\/\/logystem.sindev.ch\/de\/\",\"name\":\"Logystem\",\"description\":\"Votre partenaire qualit\u00e9\",\"publisher\":{\"@id\":\"https:\/\/logystem.sindev.ch\/de\/#organization\"},\"potentialAction\":[{\"@type\":\"SearchAction\",\"target\":{\"@type\":\"EntryPoint\",\"urlTemplate\":\"https:\/\/logystem.sindev.ch\/de\/?s={search_term_string}\"},\"query-input\":{\"@type\":\"PropertyValueSpecification\",\"valueRequired\":true,\"valueName\":\"search_term_string\"}}],\"inLanguage\":\"de\"},{\"@type\":\"Organization\",\"@id\":\"https:\/\/logystem.sindev.ch\/de\/#organization\",\"name\":\"Logystem\",\"url\":\"https:\/\/logystem.sindev.ch\/de\/\",\"logo\":{\"@type\":\"ImageObject\",\"inLanguage\":\"de\",\"@id\":\"https:\/\/logystem.sindev.ch\/de\/#\/schema\/logo\/image\/\",\"url\":\"https:\/\/logystem.ch\/wp-content\/uploads\/2023\/11\/Logo_logystem_DEF_CMYK_200x88mm_600dpi_Original.png\",\"contentUrl\":\"https:\/\/logystem.ch\/wp-content\/uploads\/2023\/11\/Logo_logystem_DEF_CMYK_200x88mm_600dpi_Original.png\",\"width\":600,\"height\":265,\"caption\":\"Logystem\"},\"image\":{\"@id\":\"https:\/\/logystem.sindev.ch\/de\/#\/schema\/logo\/image\/\"}}]}<\/script>\n<!-- \/ Yoast SEO plugin. -->","yoast_head_json":{"title":"Sylvac - Logystem","robots":{"index":"index","follow":"follow","max-snippet":"max-snippet:-1","max-image-preview":"max-image-preview:large","max-video-preview":"max-video-preview:-1"},"canonical":"https:\/\/logystem.sindev.ch\/de\/sylvac\/","og_locale":"de_DE","og_type":"article","og_title":"Sylvac - Logystem","og_description":"[vc_row full_width=&#8220;stretch_row&#8220; simple_background_color=&#8220;#2e3338&#8243;][vc_column][\/vc_column][\/vc_row][vc_row][vc_column][\/vc_column][\/vc_row][vc_row][vc_column][vc_separator][\/vc_column][\/vc_row][vc_row][vc_column][\/vc_column][\/vc_row][vc_row][vc_column][\/vc_column][\/vc_row][vc_row][vc_column][vc_empty_space height=&#8220;80px&#8220;][\/vc_column][\/vc_row][vc_row][vc_column][vc_empty_space height=&#8220;50px&#8220;][\/vc_column][\/vc_row][vc_row][vc_column][vc_column_text] Spektrum an Instrumenten [\/vc_column_text][\/vc_column][\/vc_row][vc_row][vc_column][vc_empty_space height=&#8220;50px&#8220;][\/vc_column][\/vc_row][vc_row][vc_column width=&#8220;1\/3&#8243;][\/vc_column][vc_column width=&#8220;1\/3&#8243;][\/vc_column][vc_column width=&#8220;1\/3&#8243;][\/vc_column][\/vc_row][vc_row][vc_column][vc_empty_space height=&#8220;40px&#8220;][\/vc_column][\/vc_row][vc_row][vc_column width=&#8220;1\/3&#8243;][\/vc_column][vc_column width=&#8220;1\/3&#8243;][\/vc_column][vc_column width=&#8220;1\/3&#8243;][\/vc_column][\/vc_row][vc_row][vc_column][vc_empty_space height=&#8220;80px&#8220;][\/vc_column][\/vc_row][vc_row full_width=&#8220;stretch_row_content_no_spaces&#8220; content_placement=&#8220;middle&#8220; content_text_aligment=&#8220;center&#8220;][vc_column][\/vc_column][\/vc_row]","og_url":"https:\/\/logystem.sindev.ch\/de\/sylvac\/","og_site_name":"Logystem","article_modified_time":"2024-08-26T16:16:40+00:00","twitter_card":"summary_large_image","twitter_misc":{"Gesch\u00e4tzte Lesezeit":"2\u00a0Minuten"},"schema":{"@context":"https:\/\/schema.org","@graph":[{"@type":"WebPage","@id":"https:\/\/logystem.sindev.ch\/de\/sylvac\/","url":"https:\/\/logystem.sindev.ch\/de\/sylvac\/","name":"Sylvac - Logystem","isPartOf":{"@id":"https:\/\/logystem.sindev.ch\/de\/#website"},"datePublished":"2024-01-29T15:26:27+00:00","dateModified":"2024-08-26T16:16:40+00:00","breadcrumb":{"@id":"https:\/\/logystem.sindev.ch\/de\/sylvac\/#breadcrumb"},"inLanguage":"de","potentialAction":[{"@type":"ReadAction","target":["https:\/\/logystem.sindev.ch\/de\/sylvac\/"]}]},{"@type":"BreadcrumbList","@id":"https:\/\/logystem.sindev.ch\/de\/sylvac\/#breadcrumb","itemListElement":[{"@type":"ListItem","position":1,"name":"Accueil","item":"https:\/\/logystem.sindev.ch\/de\/"},{"@type":"ListItem","position":2,"name":"Sylvac"}]},{"@type":"WebSite","@id":"https:\/\/logystem.sindev.ch\/de\/#website","url":"https:\/\/logystem.sindev.ch\/de\/","name":"Logystem","description":"Votre partenaire qualit\u00e9","publisher":{"@id":"https:\/\/logystem.sindev.ch\/de\/#organization"},"potentialAction":[{"@type":"SearchAction","target":{"@type":"EntryPoint","urlTemplate":"https:\/\/logystem.sindev.ch\/de\/?s={search_term_string}"},"query-input":{"@type":"PropertyValueSpecification","valueRequired":true,"valueName":"search_term_string"}}],"inLanguage":"de"},{"@type":"Organization","@id":"https:\/\/logystem.sindev.ch\/de\/#organization","name":"Logystem","url":"https:\/\/logystem.sindev.ch\/de\/","logo":{"@type":"ImageObject","inLanguage":"de","@id":"https:\/\/logystem.sindev.ch\/de\/#\/schema\/logo\/image\/","url":"https:\/\/logystem.ch\/wp-content\/uploads\/2023\/11\/Logo_logystem_DEF_CMYK_200x88mm_600dpi_Original.png","contentUrl":"https:\/\/logystem.ch\/wp-content\/uploads\/2023\/11\/Logo_logystem_DEF_CMYK_200x88mm_600dpi_Original.png","width":600,"height":265,"caption":"Logystem"},"image":{"@id":"https:\/\/logystem.sindev.ch\/de\/#\/schema\/logo\/image\/"}}]}},"_links":{"self":[{"href":"https:\/\/logystem.sindev.ch\/de\/wp-json\/wp\/v2\/pages\/6376","targetHints":{"allow":["GET"]}}],"collection":[{"href":"https:\/\/logystem.sindev.ch\/de\/wp-json\/wp\/v2\/pages"}],"about":[{"href":"https:\/\/logystem.sindev.ch\/de\/wp-json\/wp\/v2\/types\/page"}],"author":[{"embeddable":true,"href":"https:\/\/logystem.sindev.ch\/de\/wp-json\/wp\/v2\/users\/3"}],"replies":[{"embeddable":true,"href":"https:\/\/logystem.sindev.ch\/de\/wp-json\/wp\/v2\/comments?post=6376"}],"version-history":[{"count":7,"href":"https:\/\/logystem.sindev.ch\/de\/wp-json\/wp\/v2\/pages\/6376\/revisions"}],"predecessor-version":[{"id":6643,"href":"https:\/\/logystem.sindev.ch\/de\/wp-json\/wp\/v2\/pages\/6376\/revisions\/6643"}],"wp:attachment":[{"href":"https:\/\/logystem.sindev.ch\/de\/wp-json\/wp\/v2\/media?parent=6376"}],"curies":[{"name":"wp","href":"https:\/\/api.w.org\/{rel}","templated":true}]}}