{"id":6408,"date":"2024-01-25T15:37:09","date_gmt":"2024-01-25T14:37:09","guid":{"rendered":"http:\/\/logystem.ch\/laboratoire-detalonnage-scs\/"},"modified":"2024-04-09T17:21:35","modified_gmt":"2024-04-09T15:21:35","slug":"laboratoire-detalonnage-scs","status":"publish","type":"page","link":"https:\/\/logystem.sindev.ch\/de\/laboratoire-detalonnage-scs\/","title":{"rendered":"Kalibrierungslabor SCS 0132"},"content":{"rendered":"<div class=\"wpb-content-wrapper\"><p>[vc_row full_width=&#8220;stretch_row&#8220; simple_background_color=&#8220;#2e3338&#8243;][vc_column]<div class=\"mkd-elements-holder   mkd-one-column  mkd-responsive-mode-768 \" ><div class=\"mkd-eh-item   mkd-horizontal-alignment-center \" style=\"background-image: url(https:\/\/logystem.sindev.ch\/wp-content\/uploads\/2024\/04\/Titre-labo.png)\" data-item-class=\"mkd-eh-custom-8938\">\n\n\t<div class=\"mkd-eh-item-inner\">\n\n\t\t<div class=\"mkd-eh-item-content mkd-eh-custom-8938\" style=\"padding: 240px 25%\">\n\t\t\t[vc_wp_text]<\/p>\n<p class=\"row-simple_text__NwpI_\" style=\"text-align: center;\">Kalibrierungslabor f\u00fcr L\u00e4ngenangaben<\/p>\n<h3 class=\"row-simple_subtitle__aH5SG\" style=\"text-align: center;\"><span style=\"color: #2198d5;\">Logystem SA bietet einen Kalibrierungsservice f\u00fcr dimensionale Messger\u00e4te an und stellt ein SCS-Zertifikat f\u00fcr akkreditierte Bereiche aus.<\/span><\/h3>\n<p style=\"text-align: center;\">F\u00fcr andere spezifische Bereiche und Instrumente arbeitet Logystem SA mit anderen SCS-akkreditierten Partnerlabors zusammen.<\/p>\n<p>[\/vc_wp_text]\t\t<\/div>\n\n\t<\/div>\n\n    <\/div><\/div>[\/vc_column][\/vc_row][vc_row][vc_column]<div class=\"mkd-elements-holder   mkd-one-column  mkd-responsive-mode-768 \" style=\"background-color: #ffffff\"><div class=\"mkd-eh-item    \" style=\"background-color: #ffffff\" data-item-class=\"mkd-eh-custom-7895\">\n\n\t<div class=\"mkd-eh-item-inner\">\n\n\t\t<div class=\"mkd-eh-item-content mkd-eh-custom-7895\" >\n\t\t\t<div class=\"mkd-single-image-holder   \">\n    <div class=\"mkd-si-inner\" style=\"background-image: url(https:\/\/logystem.sindev.ch\/wp-content\/uploads\/2024\/01\/Laser-SIP.jpg)\">\n                                    <img loading=\"lazy\" decoding=\"async\" width=\"1024\" height=\"683\" src=\"https:\/\/logystem.sindev.ch\/wp-content\/uploads\/2024\/01\/Laser-SIP.jpg\" class=\"attachment-full size-full\" alt=\"\" srcset=\"https:\/\/logystem.sindev.ch\/wp-content\/uploads\/2024\/01\/Laser-SIP.jpg 1024w, https:\/\/logystem.sindev.ch\/wp-content\/uploads\/2024\/01\/Laser-SIP-300x200.jpg 300w, https:\/\/logystem.sindev.ch\/wp-content\/uploads\/2024\/01\/Laser-SIP-768x512.jpg 768w\" sizes=\"auto, (max-width: 1024px) 100vw, 1024px\" \/>                        <\/div>\n<\/div>\t\t<\/div>\n\n\t<\/div>\n\n    <\/div><\/div>[\/vc_column][\/vc_row][vc_row][vc_column][vc_empty_space height=&#8220;80px&#8220;][\/vc_column][\/vc_row][vc_row][vc_column]<div class=\"mkd-elements-holder   mkd-one-column  mkd-responsive-mode-768 \" style=\"background-color: #ffffff\"><div class=\"mkd-eh-item   mkd-horizontal-alignment-center \" style=\"background-color: #f4f4f4\" data-item-class=\"mkd-eh-custom-5352\">\n\n\t<div class=\"mkd-eh-item-inner\">\n\n\t\t<div class=\"mkd-eh-item-content mkd-eh-custom-5352\" >\n\t\t\t[vc_single_image image=&#8220;5830&#8243; img_size=&#8220;full&#8220; alignment=&#8220;center&#8220;][vc_empty_space height=&#8220;50px&#8220;]\t\t<\/div>\n\n\t<\/div>\n\n    <\/div><\/div><div class=\"mkd-elements-holder   mkd-one-column  mkd-responsive-mode-768 \" ><div class=\"mkd-eh-item   mkd-horizontal-alignment-center \"  data-item-class=\"mkd-eh-custom-5573\">\n\n\t<div class=\"mkd-eh-item-inner\">\n\n\t\t<div class=\"mkd-eh-item-content mkd-eh-custom-5573\" >\n\t\t\t<a itemprop=\"url\" href=\"\/wp-content\/uploads\/2024\/04\/SCS-0132-fr.pdf\" target=\"_blank\"  class=\"mkd-btn mkd-btn-medium mkd-btn-solid mkd-btn-custom-hover-bg mkd-btn-custom-border-hover mkd-btn-icon\" >\n    <span class=\"mkd-btn-text\" style=\"background-color: #ff4242;border-color: #ff4242\" data-hover-bg-color=\"#2198d5\" data-hover-border-color=\"#2198d5\">Umfang der Akkreditierung<\/span>\n    <span class=\"mkd-btn-icon\" ><i class=\"mkd-icon-dripicons dripicon dripicons-document \" ><\/i><\/span>\n<\/a>\t\t<\/div>\n\n\t<\/div>\n\n    <\/div><\/div>[\/vc_column][\/vc_row][vc_row][vc_column][vc_empty_space height=&#8220;50px&#8220;][\/vc_column][\/vc_row][vc_row][vc_column][vc_column_text]<\/p>\n<h2 style=\"text-align: center;\"><span style=\"color: #ff4242;\">Akkreditierte Bereiche<\/span><\/h2>\n<p>[\/vc_column_text][\/vc_column][\/vc_row][vc_row][vc_column][vc_empty_space height=&#8220;100px&#8220;][\/vc_column][\/vc_row][vc_row][vc_column width=&#8220;1\/3&#8243;]<div class=\"mkd-elements-holder   mkd-one-column  mkd-responsive-mode-768 \" ><div class=\"mkd-eh-item    \"  data-item-class=\"mkd-eh-custom-6121\">\n\n\t<div class=\"mkd-eh-item-inner\">\n\n\t\t<div class=\"mkd-eh-item-content mkd-eh-custom-6121\" >\n\t\t\t<div class=\"mkd-iwt clearfix  mkd-iwt-icon-top mkd-iwt-icon-small\">\n\t<div class=\"mkd-iwt-icon\">\n\t\t\t\t\t\t\t\t\t<img loading=\"lazy\" decoding=\"async\" width=\"88\" height=\"32\" src=\"https:\/\/logystem.sindev.ch\/wp-content\/uploads\/2024\/01\/PAC.png\" class=\"attachment-full size-full\" alt=\"\" \/>\t\t\t\t\t\t<\/div>\n\t<div class=\"mkd-iwt-content\" >\n\t\t\t\t\t<h4 class=\"mkd-iwt-title\" >\n\t\t\t\t\t\t\t\t<span class=\"mkd-iwt-title-text\">Messschieber<\/span>\n\t\t\t\t\t\t\t<\/h4>\n\t\t\t\t\t\t\t<p class=\"mkd-iwt-text\" >von: 0 bis 300 mm<\/p>\n\t\t\t<\/div>\n<\/div>\t\t<\/div>\n\n\t<\/div>\n\n    <\/div><\/div>[\/vc_column][vc_column width=&#8220;1\/3&#8243;]<div class=\"mkd-elements-holder   mkd-one-column  mkd-responsive-mode-768 \" ><div class=\"mkd-eh-item    \"  data-item-class=\"mkd-eh-custom-2129\">\n\n\t<div class=\"mkd-eh-item-inner\">\n\n\t\t<div class=\"mkd-eh-item-content mkd-eh-custom-2129\" >\n\t\t\t<div class=\"mkd-iwt clearfix  mkd-iwt-icon-top mkd-iwt-icon-small\">\n\t<div class=\"mkd-iwt-icon\">\n\t\t\t\t\t\t\t\t\t<img loading=\"lazy\" decoding=\"async\" width=\"67\" height=\"25\" src=\"https:\/\/logystem.sindev.ch\/wp-content\/uploads\/2024\/01\/Micrometre.png\" class=\"attachment-full size-full\" alt=\"\" \/>\t\t\t\t\t\t<\/div>\n\t<div class=\"mkd-iwt-content\" >\n\t\t\t\t\t<h4 class=\"mkd-iwt-title\" >\n\t\t\t\t\t\t\t\t<span class=\"mkd-iwt-title-text\">Mikrometer<\/span>\n\t\t\t\t\t\t\t<\/h4>\n\t\t\t\t\t\t\t<p class=\"mkd-iwt-text\" >von: 0 bis 100 mm<\/p>\n\t\t\t<\/div>\n<\/div>\t\t<\/div>\n\n\t<\/div>\n\n    <\/div><\/div>[\/vc_column][vc_column width=&#8220;1\/3&#8243;]<div class=\"mkd-elements-holder   mkd-one-column  mkd-responsive-mode-768 \" ><div class=\"mkd-eh-item    \"  data-item-class=\"mkd-eh-custom-2642\">\n\n\t<div class=\"mkd-eh-item-inner\">\n\n\t\t<div class=\"mkd-eh-item-content mkd-eh-custom-2642\" >\n\t\t\t<div class=\"mkd-iwt clearfix  mkd-iwt-icon-top mkd-iwt-icon-small\">\n\t<div class=\"mkd-iwt-icon\">\n\t\t\t\t\t\t\t\t\t<img loading=\"lazy\" decoding=\"async\" width=\"28\" height=\"60\" src=\"https:\/\/logystem.sindev.ch\/wp-content\/uploads\/2024\/01\/Comp.png\" class=\"attachment-full size-full\" alt=\"\" \/>\t\t\t\t\t\t<\/div>\n\t<div class=\"mkd-iwt-content\" >\n\t\t\t\t\t<h4 class=\"mkd-iwt-title\" >\n\t\t\t\t\t\t\t\t<span class=\"mkd-iwt-title-text\">Messuhren<\/span>\n\t\t\t\t\t\t\t<\/h4>\n\t\t\t\t\t\t\t<p class=\"mkd-iwt-text\" >von: 0 bis 50 mm<\/p>\n\t\t\t<\/div>\n<\/div>\t\t<\/div>\n\n\t<\/div>\n\n    <\/div><\/div>[\/vc_column][\/vc_row][vc_row][vc_column][vc_empty_space height=&#8220;40px&#8220;][\/vc_column][\/vc_row][vc_row][vc_column width=&#8220;1\/3&#8243;]<div class=\"mkd-elements-holder   mkd-one-column  mkd-responsive-mode-768 \" ><div class=\"mkd-eh-item    \"  data-item-class=\"mkd-eh-custom-3902\">\n\n\t<div class=\"mkd-eh-item-inner\">\n\n\t\t<div class=\"mkd-eh-item-content mkd-eh-custom-3902\" >\n\t\t\t<div class=\"mkd-iwt clearfix  mkd-iwt-icon-top mkd-iwt-icon-small\">\n\t<div class=\"mkd-iwt-icon\">\n\t\t\t\t\t\t\t\t\t<img loading=\"lazy\" decoding=\"async\" width=\"62\" height=\"42\" src=\"https:\/\/logystem.sindev.ch\/wp-content\/uploads\/2024\/01\/Palp.png\" class=\"attachment-full size-full\" alt=\"\" \/>\t\t\t\t\t\t<\/div>\n\t<div class=\"mkd-iwt-content\" >\n\t\t\t\t\t<h4 class=\"mkd-iwt-title\" >\n\t\t\t\t\t\t\t\t<span class=\"mkd-iwt-title-text\">Messtaster :<\/span>\n\t\t\t\t\t\t\t<\/h4>\n\t\t\t\t\t\t\t<p class=\"mkd-iwt-text\" >von 0 bis 25 mm<\/p>\n\t\t\t<\/div>\n<\/div>\t\t<\/div>\n\n\t<\/div>\n\n    <\/div><\/div>[\/vc_column][vc_column width=&#8220;1\/3&#8243;]<div class=\"mkd-elements-holder   mkd-one-column  mkd-responsive-mode-768 \" ><div class=\"mkd-eh-item    \"  data-item-class=\"mkd-eh-custom-6164\">\n\n\t<div class=\"mkd-eh-item-inner\">\n\n\t\t<div class=\"mkd-eh-item-content mkd-eh-custom-6164\" >\n\t\t\t<div class=\"mkd-iwt clearfix  mkd-iwt-icon-top mkd-iwt-icon-small\">\n\t<div class=\"mkd-iwt-icon\">\n\t\t\t\t\t\t\t\t\t<img loading=\"lazy\" decoding=\"async\" width=\"47\" height=\"38\" src=\"https:\/\/logystem.sindev.ch\/wp-content\/uploads\/2024\/01\/Tampon.png\" class=\"attachment-full size-full\" alt=\"\" \/>\t\t\t\t\t\t<\/div>\n\t<div class=\"mkd-iwt-content\" >\n\t\t\t\t\t<h4 class=\"mkd-iwt-title\" >\n\t\t\t\t\t\t\t\t<span class=\"mkd-iwt-title-text\">Lehren und Stifte:<\/span>\n\t\t\t\t\t\t\t<\/h4>\n\t\t\t\t\t\t\t<p class=\"mkd-iwt-text\" >von 0,05 bis 50 mm<\/p>\n\t\t\t<\/div>\n<\/div>\t\t<\/div>\n\n\t<\/div>\n\n    <\/div><\/div>[\/vc_column][vc_column width=&#8220;1\/3&#8243;]<div class=\"mkd-elements-holder   mkd-one-column  mkd-responsive-mode-768 \" ><div class=\"mkd-eh-item    \"  data-item-class=\"mkd-eh-custom-4930\">\n\n\t<div class=\"mkd-eh-item-inner\">\n\n\t\t<div class=\"mkd-eh-item-content mkd-eh-custom-4930\" >\n\t\t\t<div class=\"mkd-iwt clearfix  mkd-iwt-icon-top mkd-iwt-icon-small\">\n\t<div class=\"mkd-iwt-icon\">\n\t\t\t\t\t\t\t\t\t<img loading=\"lazy\" decoding=\"async\" width=\"48\" height=\"49\" src=\"https:\/\/logystem.sindev.ch\/wp-content\/uploads\/2024\/01\/Bague.png\" class=\"attachment-full size-full\" alt=\"\" \/>\t\t\t\t\t\t<\/div>\n\t<div class=\"mkd-iwt-content\" >\n\t\t\t\t\t<h4 class=\"mkd-iwt-title\" >\n\t\t\t\t\t\t\t\t<span class=\"mkd-iwt-title-text\">Einstellringe :<\/span>\n\t\t\t\t\t\t\t<\/h4>\n\t\t\t\t\t\t\t<p class=\"mkd-iwt-text\" >von 2 bis 200 mm<\/p>\n\t\t\t<\/div>\n<\/div>\t\t<\/div>\n\n\t<\/div>\n\n    <\/div><\/div>[\/vc_column][\/vc_row][vc_row][vc_column][vc_empty_space height=&#8220;80px&#8220;][\/vc_column][\/vc_row][vc_row full_width=&#8220;stretch_row_content_no_spaces&#8220; content_placement=&#8220;middle&#8220; content_text_aligment=&#8220;center&#8220;][vc_column]<a itemprop=\"url\" href=\"\/de\/contact-us\/\" target=\"_self\"  class=\"mkd-btn mkd-btn-full-width mkd-btn-solid mkd-btn-custom-hover-bg mkd-btn-custom-border-hover\" >\n    <span class=\"mkd-btn-text\" style=\"font-size: 60px;font-family: Oswald;letter-spacing: 0;height: 200px\" data-hover-bg-color=\"#ff4242\" data-hover-border-color=\"#ff4242\">Kontaktieren Sie uns!<\/span>\n    <span class=\"mkd-btn-icon\" ><\/span>\n<\/a>[\/vc_column][\/vc_row]<\/p>\n<\/div>","protected":false},"excerpt":{"rendered":"<p>[vc_row full_width=&#8220;stretch_row&#8220; simple_background_color=&#8220;#2e3338&#8243;][vc_column][\/vc_column][\/vc_row][vc_row][vc_column][\/vc_column][\/vc_row][vc_row][vc_column][vc_empty_space height=&#8220;80px&#8220;][\/vc_column][\/vc_row][vc_row][vc_column][\/vc_column][\/vc_row][vc_row][vc_column][vc_empty_space height=&#8220;50px&#8220;][\/vc_column][\/vc_row][vc_row][vc_column][vc_column_text] Akkreditierte Bereiche [\/vc_column_text][\/vc_column][\/vc_row][vc_row][vc_column][vc_empty_space height=&#8220;100px&#8220;][\/vc_column][\/vc_row][vc_row][vc_column width=&#8220;1\/3&#8243;][\/vc_column][vc_column width=&#8220;1\/3&#8243;][\/vc_column][vc_column width=&#8220;1\/3&#8243;][\/vc_column][\/vc_row][vc_row][vc_column][vc_empty_space height=&#8220;40px&#8220;][\/vc_column][\/vc_row][vc_row][vc_column width=&#8220;1\/3&#8243;][\/vc_column][vc_column width=&#8220;1\/3&#8243;][\/vc_column][vc_column width=&#8220;1\/3&#8243;][\/vc_column][\/vc_row][vc_row][vc_column][vc_empty_space height=&#8220;80px&#8220;][\/vc_column][\/vc_row][vc_row full_width=&#8220;stretch_row_content_no_spaces&#8220; content_placement=&#8220;middle&#8220; content_text_aligment=&#8220;center&#8220;][vc_column][\/vc_column][\/vc_row]<\/p>\n","protected":false},"author":3,"featured_media":0,"parent":0,"menu_order":0,"comment_status":"closed","ping_status":"open","template":"","meta":{"sfsi_plus_gutenberg_text_before_share":"","sfsi_plus_gutenberg_show_text_before_share":"","sfsi_plus_gutenberg_icon_type":"","sfsi_plus_gutenberg_icon_alignemt":"","sfsi_plus_gutenburg_max_per_row":"","footnotes":""},"class_list":["post-6408","page","type-page","status-publish","hentry"],"yoast_head":"<!-- This site is optimized with the Yoast SEO plugin v24.0 - https:\/\/yoast.com\/wordpress\/plugins\/seo\/ -->\n<title>Kalibrierungslabor SCS 0132 - Logystem<\/title>\n<meta name=\"robots\" content=\"index, follow, max-snippet:-1, max-image-preview:large, max-video-preview:-1\" \/>\n<link rel=\"canonical\" href=\"https:\/\/logystem.sindev.ch\/de\/laboratoire-detalonnage-scs\/\" \/>\n<meta property=\"og:locale\" content=\"de_DE\" \/>\n<meta property=\"og:type\" content=\"article\" \/>\n<meta property=\"og:title\" content=\"Kalibrierungslabor SCS 0132 - Logystem\" \/>\n<meta property=\"og:description\" content=\"[vc_row full_width=&#8220;stretch_row&#8220; simple_background_color=&#8220;#2e3338&#8243;][vc_column][\/vc_column][\/vc_row][vc_row][vc_column][\/vc_column][\/vc_row][vc_row][vc_column][vc_empty_space height=&#8220;80px&#8220;][\/vc_column][\/vc_row][vc_row][vc_column][\/vc_column][\/vc_row][vc_row][vc_column][vc_empty_space height=&#8220;50px&#8220;][\/vc_column][\/vc_row][vc_row][vc_column][vc_column_text] Akkreditierte Bereiche [\/vc_column_text][\/vc_column][\/vc_row][vc_row][vc_column][vc_empty_space height=&#8220;100px&#8220;][\/vc_column][\/vc_row][vc_row][vc_column width=&#8220;1\/3&#8243;][\/vc_column][vc_column width=&#8220;1\/3&#8243;][\/vc_column][vc_column width=&#8220;1\/3&#8243;][\/vc_column][\/vc_row][vc_row][vc_column][vc_empty_space height=&#8220;40px&#8220;][\/vc_column][\/vc_row][vc_row][vc_column width=&#8220;1\/3&#8243;][\/vc_column][vc_column width=&#8220;1\/3&#8243;][\/vc_column][vc_column width=&#8220;1\/3&#8243;][\/vc_column][\/vc_row][vc_row][vc_column][vc_empty_space height=&#8220;80px&#8220;][\/vc_column][\/vc_row][vc_row full_width=&#8220;stretch_row_content_no_spaces&#8220; content_placement=&#8220;middle&#8220; content_text_aligment=&#8220;center&#8220;][vc_column][\/vc_column][\/vc_row]\" \/>\n<meta property=\"og:url\" content=\"https:\/\/logystem.sindev.ch\/de\/laboratoire-detalonnage-scs\/\" \/>\n<meta property=\"og:site_name\" content=\"Logystem\" \/>\n<meta property=\"article:modified_time\" content=\"2024-04-09T15:21:35+00:00\" \/>\n<meta name=\"twitter:card\" content=\"summary_large_image\" \/>\n<meta name=\"twitter:label1\" content=\"Gesch\u00e4tzte Lesezeit\" \/>\n\t<meta name=\"twitter:data1\" content=\"4\u00a0Minuten\" \/>\n<script type=\"application\/ld+json\" class=\"yoast-schema-graph\">{\"@context\":\"https:\/\/schema.org\",\"@graph\":[{\"@type\":\"WebPage\",\"@id\":\"https:\/\/logystem.sindev.ch\/de\/laboratoire-detalonnage-scs\/\",\"url\":\"https:\/\/logystem.sindev.ch\/de\/laboratoire-detalonnage-scs\/\",\"name\":\"Kalibrierungslabor SCS 0132 - Logystem\",\"isPartOf\":{\"@id\":\"https:\/\/logystem.sindev.ch\/de\/#website\"},\"datePublished\":\"2024-01-25T14:37:09+00:00\",\"dateModified\":\"2024-04-09T15:21:35+00:00\",\"breadcrumb\":{\"@id\":\"https:\/\/logystem.sindev.ch\/de\/laboratoire-detalonnage-scs\/#breadcrumb\"},\"inLanguage\":\"de\",\"potentialAction\":[{\"@type\":\"ReadAction\",\"target\":[\"https:\/\/logystem.sindev.ch\/de\/laboratoire-detalonnage-scs\/\"]}]},{\"@type\":\"BreadcrumbList\",\"@id\":\"https:\/\/logystem.sindev.ch\/de\/laboratoire-detalonnage-scs\/#breadcrumb\",\"itemListElement\":[{\"@type\":\"ListItem\",\"position\":1,\"name\":\"Accueil\",\"item\":\"https:\/\/logystem.sindev.ch\/de\/\"},{\"@type\":\"ListItem\",\"position\":2,\"name\":\"Kalibrierungslabor SCS 0132\"}]},{\"@type\":\"WebSite\",\"@id\":\"https:\/\/logystem.sindev.ch\/de\/#website\",\"url\":\"https:\/\/logystem.sindev.ch\/de\/\",\"name\":\"Logystem\",\"description\":\"Votre partenaire qualit\u00e9\",\"publisher\":{\"@id\":\"https:\/\/logystem.sindev.ch\/de\/#organization\"},\"potentialAction\":[{\"@type\":\"SearchAction\",\"target\":{\"@type\":\"EntryPoint\",\"urlTemplate\":\"https:\/\/logystem.sindev.ch\/de\/?s={search_term_string}\"},\"query-input\":{\"@type\":\"PropertyValueSpecification\",\"valueRequired\":true,\"valueName\":\"search_term_string\"}}],\"inLanguage\":\"de\"},{\"@type\":\"Organization\",\"@id\":\"https:\/\/logystem.sindev.ch\/de\/#organization\",\"name\":\"Logystem\",\"url\":\"https:\/\/logystem.sindev.ch\/de\/\",\"logo\":{\"@type\":\"ImageObject\",\"inLanguage\":\"de\",\"@id\":\"https:\/\/logystem.sindev.ch\/de\/#\/schema\/logo\/image\/\",\"url\":\"https:\/\/logystem.ch\/wp-content\/uploads\/2023\/11\/Logo_logystem_DEF_CMYK_200x88mm_600dpi_Original.png\",\"contentUrl\":\"https:\/\/logystem.ch\/wp-content\/uploads\/2023\/11\/Logo_logystem_DEF_CMYK_200x88mm_600dpi_Original.png\",\"width\":600,\"height\":265,\"caption\":\"Logystem\"},\"image\":{\"@id\":\"https:\/\/logystem.sindev.ch\/de\/#\/schema\/logo\/image\/\"}}]}<\/script>\n<!-- \/ Yoast SEO plugin. -->","yoast_head_json":{"title":"Kalibrierungslabor SCS 0132 - Logystem","robots":{"index":"index","follow":"follow","max-snippet":"max-snippet:-1","max-image-preview":"max-image-preview:large","max-video-preview":"max-video-preview:-1"},"canonical":"https:\/\/logystem.sindev.ch\/de\/laboratoire-detalonnage-scs\/","og_locale":"de_DE","og_type":"article","og_title":"Kalibrierungslabor SCS 0132 - Logystem","og_description":"[vc_row full_width=&#8220;stretch_row&#8220; simple_background_color=&#8220;#2e3338&#8243;][vc_column][\/vc_column][\/vc_row][vc_row][vc_column][\/vc_column][\/vc_row][vc_row][vc_column][vc_empty_space height=&#8220;80px&#8220;][\/vc_column][\/vc_row][vc_row][vc_column][\/vc_column][\/vc_row][vc_row][vc_column][vc_empty_space height=&#8220;50px&#8220;][\/vc_column][\/vc_row][vc_row][vc_column][vc_column_text] Akkreditierte Bereiche [\/vc_column_text][\/vc_column][\/vc_row][vc_row][vc_column][vc_empty_space height=&#8220;100px&#8220;][\/vc_column][\/vc_row][vc_row][vc_column width=&#8220;1\/3&#8243;][\/vc_column][vc_column width=&#8220;1\/3&#8243;][\/vc_column][vc_column width=&#8220;1\/3&#8243;][\/vc_column][\/vc_row][vc_row][vc_column][vc_empty_space height=&#8220;40px&#8220;][\/vc_column][\/vc_row][vc_row][vc_column width=&#8220;1\/3&#8243;][\/vc_column][vc_column width=&#8220;1\/3&#8243;][\/vc_column][vc_column width=&#8220;1\/3&#8243;][\/vc_column][\/vc_row][vc_row][vc_column][vc_empty_space height=&#8220;80px&#8220;][\/vc_column][\/vc_row][vc_row full_width=&#8220;stretch_row_content_no_spaces&#8220; content_placement=&#8220;middle&#8220; content_text_aligment=&#8220;center&#8220;][vc_column][\/vc_column][\/vc_row]","og_url":"https:\/\/logystem.sindev.ch\/de\/laboratoire-detalonnage-scs\/","og_site_name":"Logystem","article_modified_time":"2024-04-09T15:21:35+00:00","twitter_card":"summary_large_image","twitter_misc":{"Gesch\u00e4tzte Lesezeit":"4\u00a0Minuten"},"schema":{"@context":"https:\/\/schema.org","@graph":[{"@type":"WebPage","@id":"https:\/\/logystem.sindev.ch\/de\/laboratoire-detalonnage-scs\/","url":"https:\/\/logystem.sindev.ch\/de\/laboratoire-detalonnage-scs\/","name":"Kalibrierungslabor SCS 0132 - Logystem","isPartOf":{"@id":"https:\/\/logystem.sindev.ch\/de\/#website"},"datePublished":"2024-01-25T14:37:09+00:00","dateModified":"2024-04-09T15:21:35+00:00","breadcrumb":{"@id":"https:\/\/logystem.sindev.ch\/de\/laboratoire-detalonnage-scs\/#breadcrumb"},"inLanguage":"de","potentialAction":[{"@type":"ReadAction","target":["https:\/\/logystem.sindev.ch\/de\/laboratoire-detalonnage-scs\/"]}]},{"@type":"BreadcrumbList","@id":"https:\/\/logystem.sindev.ch\/de\/laboratoire-detalonnage-scs\/#breadcrumb","itemListElement":[{"@type":"ListItem","position":1,"name":"Accueil","item":"https:\/\/logystem.sindev.ch\/de\/"},{"@type":"ListItem","position":2,"name":"Kalibrierungslabor SCS 0132"}]},{"@type":"WebSite","@id":"https:\/\/logystem.sindev.ch\/de\/#website","url":"https:\/\/logystem.sindev.ch\/de\/","name":"Logystem","description":"Votre partenaire qualit\u00e9","publisher":{"@id":"https:\/\/logystem.sindev.ch\/de\/#organization"},"potentialAction":[{"@type":"SearchAction","target":{"@type":"EntryPoint","urlTemplate":"https:\/\/logystem.sindev.ch\/de\/?s={search_term_string}"},"query-input":{"@type":"PropertyValueSpecification","valueRequired":true,"valueName":"search_term_string"}}],"inLanguage":"de"},{"@type":"Organization","@id":"https:\/\/logystem.sindev.ch\/de\/#organization","name":"Logystem","url":"https:\/\/logystem.sindev.ch\/de\/","logo":{"@type":"ImageObject","inLanguage":"de","@id":"https:\/\/logystem.sindev.ch\/de\/#\/schema\/logo\/image\/","url":"https:\/\/logystem.ch\/wp-content\/uploads\/2023\/11\/Logo_logystem_DEF_CMYK_200x88mm_600dpi_Original.png","contentUrl":"https:\/\/logystem.ch\/wp-content\/uploads\/2023\/11\/Logo_logystem_DEF_CMYK_200x88mm_600dpi_Original.png","width":600,"height":265,"caption":"Logystem"},"image":{"@id":"https:\/\/logystem.sindev.ch\/de\/#\/schema\/logo\/image\/"}}]}},"_links":{"self":[{"href":"https:\/\/logystem.sindev.ch\/de\/wp-json\/wp\/v2\/pages\/6408","targetHints":{"allow":["GET"]}}],"collection":[{"href":"https:\/\/logystem.sindev.ch\/de\/wp-json\/wp\/v2\/pages"}],"about":[{"href":"https:\/\/logystem.sindev.ch\/de\/wp-json\/wp\/v2\/types\/page"}],"author":[{"embeddable":true,"href":"https:\/\/logystem.sindev.ch\/de\/wp-json\/wp\/v2\/users\/3"}],"replies":[{"embeddable":true,"href":"https:\/\/logystem.sindev.ch\/de\/wp-json\/wp\/v2\/comments?post=6408"}],"version-history":[{"count":6,"href":"https:\/\/logystem.sindev.ch\/de\/wp-json\/wp\/v2\/pages\/6408\/revisions"}],"predecessor-version":[{"id":6414,"href":"https:\/\/logystem.sindev.ch\/de\/wp-json\/wp\/v2\/pages\/6408\/revisions\/6414"}],"wp:attachment":[{"href":"https:\/\/logystem.sindev.ch\/de\/wp-json\/wp\/v2\/media?parent=6408"}],"curies":[{"name":"wp","href":"https:\/\/api.w.org\/{rel}","templated":true}]}}